{"id":34989,"date":"2025-09-09T09:37:43","date_gmt":"2025-09-09T07:37:43","guid":{"rendered":"https:\/\/owm-summit.de\/?page_id=34989"},"modified":"2025-11-24T10:54:33","modified_gmt":"2025-11-24T09:54:33","slug":"programm","status":"publish","type":"page","link":"https:\/\/owm-summit.de\/en\/programm\/","title":{"rendered":"Programm"},"content":{"rendered":"<div data-elementor-type=\"wp-page\" data-elementor-id=\"34989\" class=\"elementor elementor-34989\" data-elementor-post-type=\"page\">\n\t\t\t\t\t\t<section class=\"elementor-section elementor-top-section elementor-element elementor-element-faa5b13 elementor-section-boxed elementor-section-height-default elementor-section-height-default\" data-id=\"faa5b13\" data-element_type=\"section\">\n\t\t\t\t\t\t<div class=\"elementor-container elementor-column-gap-default\">\n\t\t\t\t\t<div class=\"elementor-column elementor-col-100 elementor-top-column elementor-element elementor-element-eb281e0\" data-id=\"eb281e0\" data-element_type=\"column\">\n\t\t\t<div class=\"elementor-widget-wrap elementor-element-populated\">\n\t\t\t\t\t\t<div class=\"elementor-element elementor-element-684fcbd elementor-widget__width-initial elementor-widget-tablet__width-inherit elementor-widget elementor-widget-text-editor\" data-id=\"684fcbd\" data-element_type=\"widget\" data-widget_type=\"text-editor.default\">\n\t\t\t\t<div class=\"elementor-widget-container\">\n\t\t\t<span id=\"684fcbd\"><\/span>\t\t\t\t<h1>Programm 2025<\/h1>\t\t\t\t\t\t<\/div>\n\t\t\t\t<\/div>\n\t\t\t\t<div class=\"elementor-element elementor-element-2841542 elementor-widget__width-initial elementor-widget-tablet__width-inherit elementor-widget-mobile__width-inherit elementor-invisible elementor-widget elementor-widget-text-editor\" data-id=\"2841542\" data-element_type=\"widget\" data-settings=\"{&quot;_animation&quot;:&quot;fadeIn&quot;}\" data-widget_type=\"text-editor.default\">\n\t\t\t\t<div class=\"elementor-widget-container\">\n\t\t\t<span id=\"2841542\"><\/span>\t\t\t\t<h5><span style=\"color: #000000\">4. November | 17:30\u00a0 (Invitation only)<\/span><\/h5><h4><span style=\"color: #000000\">CMO &amp; Marketing Leaders Pre-Event<\/span><\/h4><p><span style=\"color: #000000\">Ein exklusiver Auftakt f\u00fcr CMOs &amp; Marketing Leaders zum pers\u00f6nlichen Austausch und Kennenlernen der OWM Mitglieder-Community vor dem offiziellen Beginn der Advertisers\u2018 Night.<\/span><\/p>\t\t\t\t\t\t<\/div>\n\t\t\t\t<\/div>\n\t\t\t\t<div class=\"elementor-element elementor-element-6c0fd52 elementor-widget__width-initial elementor-widget-tablet__width-inherit elementor-widget-mobile__width-inherit elementor-invisible elementor-widget elementor-widget-text-editor\" data-id=\"6c0fd52\" data-element_type=\"widget\" data-settings=\"{&quot;_animation&quot;:&quot;fadeIn&quot;}\" data-widget_type=\"text-editor.default\">\n\t\t\t\t<div class=\"elementor-widget-container\">\n\t\t\t<span id=\"6c0fd52\"><\/span>\t\t\t\t<h5><span style=\"color: #000000\">4. November | 19:00\u00a0 <\/span><\/h5><h4><span style=\"color: #000000\">Advertisers\u00b4Night<\/span><\/h4><p>Abends \u00f6ffnen sich die T\u00fcren der Alten M\u00fcnze f\u00fcr einen besonderen Auftakt: Wir feiern, netzwerken und genie\u00dfen das Wiedersehen mit dem Who\u2019s Who unserer Branche \u2013 ganz entspannt und in guter Gesellschaft.<\/p>\t\t\t\t\t\t<\/div>\n\t\t\t\t<\/div>\n\t\t\t\t<div class=\"elementor-element elementor-element-9e403fb elementor-widget__width-initial elementor-widget-tablet__width-inherit elementor-widget-mobile__width-inherit elementor-invisible elementor-widget elementor-widget-text-editor\" data-id=\"9e403fb\" data-element_type=\"widget\" data-settings=\"{&quot;_animation&quot;:&quot;fadeIn&quot;}\" data-widget_type=\"text-editor.default\">\n\t\t\t\t<div class=\"elementor-widget-container\">\n\t\t\t<span id=\"9e403fb\"><\/span>\t\t\t\t<h5><span style=\"color: #000000\">5. November | 08:00\u201315:30<\/span><\/h5><h4><span style=\"color: #000000\">OWM Summit<\/span><\/h4><p>Gemeinsam machen wir uns Gedanken zum diesj\u00e4hrigen Motto des OWM Summits \u201eFuture Ready?!\u201c. Erlebe einen Tag voller Ideen, Insights und Inspiration. Mit Vortr\u00e4gen namhafter Speaker, frischen Denkans\u00e4tzen und jeder Menge Gespr\u00e4chsstoff rund um die Zukunft unserer Branche.<\/p><p>Dich erwarten neue Perspektiven, fundierte Einblicke und die Gelegenheit zum Austausch \u2013 sch\u00f6n, wenn du dabei bist.<\/p><p>Ort:\u00a0<a href=\"https:\/\/www.google.com\/maps\/place\/Alte+M%C3%BCnze\/@52.5161321,13.4065007,17z\/data=!3m1!4b1!4m6!3m5!1s0x47a84e2132045a53:0x1d72e8f20a94f2dc!8m2!3d52.5161321!4d13.4090756!16s%2Fg%2F121rpjdj?entry=tts&amp;g_ep=EgoyMDI0MDUwOC4wKgBIAVAD\">Alte M\u00fcnze, Berlin<\/a><\/p>\t\t\t\t\t\t<\/div>\n\t\t\t\t<\/div>\n\t\t\t\t\t<\/div>\n\t\t<\/div>\n\t\t\t\t\t<\/div>\n\t\t<\/section>\n\t\t\t\t<\/div>","protected":false},"excerpt":{"rendered":"<p>Programm 2025 4. November | 17:30\u00a0 (Invitation only) CMO &amp; Marketing Leaders Pre-Event Ein exklusiver Auftakt f\u00fcr CMOs &amp; Marketing Leaders zum pers\u00f6nlichen Austausch und Kennenlernen der OWM Mitglieder-Community vor [&hellip;]<\/p>","protected":false},"author":143,"featured_media":0,"parent":0,"menu_order":0,"comment_status":"closed","ping_status":"closed","template":"elementor_header_footer","meta":{"_acf_changed":false,"inline_featured_image":false,"footnotes":""},"categories":[],"tags":[],"class_list":["post-34989","page","type-page","status-publish","hentry"],"acf":[],"yoast_head":"<!-- This site is optimized with the Yoast SEO plugin v24.2 - https:\/\/yoast.com\/wordpress\/plugins\/seo\/ -->\n<title>Programm - OWM Summit<\/title>\n<meta name=\"robots\" content=\"index, follow, max-snippet:-1, max-image-preview:large, max-video-preview:-1\" \/>\n<link rel=\"canonical\" href=\"https:\/\/owm-summit.de\/en\/programm\/\" \/>\n<meta property=\"og:locale\" content=\"en_US\" \/>\n<meta property=\"og:type\" content=\"article\" \/>\n<meta property=\"og:title\" content=\"Programm - OWM Summit\" \/>\n<meta property=\"og:description\" content=\"Programm 2025 4. November | 17:30\u00a0 (Invitation only) CMO &amp; Marketing Leaders Pre-Event Ein exklusiver Auftakt f\u00fcr CMOs &amp; Marketing Leaders zum pers\u00f6nlichen Austausch und Kennenlernen der OWM Mitglieder-Community vor [&hellip;]\" \/>\n<meta property=\"og:url\" content=\"https:\/\/owm-summit.de\/en\/programm\/\" \/>\n<meta property=\"og:site_name\" content=\"OWM Summit\" \/>\n<meta property=\"article:modified_time\" content=\"2025-11-24T09:54:33+00:00\" \/>\n<meta name=\"twitter:card\" content=\"summary_large_image\" \/>\n<meta name=\"twitter:label1\" content=\"Est. reading time\" \/>\n\t<meta name=\"twitter:data1\" content=\"1 minute\" \/>\n<script type=\"application\/ld+json\" class=\"yoast-schema-graph\">{\"@context\":\"https:\/\/schema.org\",\"@graph\":[{\"@type\":\"WebPage\",\"@id\":\"https:\/\/owm-summit.de\/programm\/\",\"url\":\"https:\/\/owm-summit.de\/programm\/\",\"name\":\"Programm - OWM Summit\",\"isPartOf\":{\"@id\":\"https:\/\/owm-summit.de\/#website\"},\"datePublished\":\"2025-09-09T07:37:43+00:00\",\"dateModified\":\"2025-11-24T09:54:33+00:00\",\"breadcrumb\":{\"@id\":\"https:\/\/owm-summit.de\/programm\/#breadcrumb\"},\"inLanguage\":\"en-US\",\"potentialAction\":[{\"@type\":\"ReadAction\",\"target\":[\"https:\/\/owm-summit.de\/programm\/\"]}]},{\"@type\":\"BreadcrumbList\",\"@id\":\"https:\/\/owm-summit.de\/programm\/#breadcrumb\",\"itemListElement\":[{\"@type\":\"ListItem\",\"position\":1,\"name\":\"Home\",\"item\":\"https:\/\/owm-summit.de\/\"},{\"@type\":\"ListItem\",\"position\":2,\"name\":\"Programm\"}]},{\"@type\":\"WebSite\",\"@id\":\"https:\/\/owm-summit.de\/#website\",\"url\":\"https:\/\/owm-summit.de\/\",\"name\":\"OWM Summit\",\"description\":\"OWM Summit 2025\",\"publisher\":{\"@id\":\"https:\/\/owm-summit.de\/#organization\"},\"potentialAction\":[{\"@type\":\"SearchAction\",\"target\":{\"@type\":\"EntryPoint\",\"urlTemplate\":\"https:\/\/owm-summit.de\/?s={search_term_string}\"},\"query-input\":{\"@type\":\"PropertyValueSpecification\",\"valueRequired\":true,\"valueName\":\"search_term_string\"}}],\"inLanguage\":\"en-US\"},{\"@type\":\"Organization\",\"@id\":\"https:\/\/owm-summit.de\/#organization\",\"name\":\"OWM Summit\",\"url\":\"https:\/\/owm-summit.de\/\",\"logo\":{\"@type\":\"ImageObject\",\"inLanguage\":\"en-US\",\"@id\":\"https:\/\/owm-summit.de\/#\/schema\/logo\/image\/\",\"url\":\"https:\/\/owm-summit.de\/wp-content\/uploads\/sites\/36\/2020\/02\/owm-logo-black.svg\",\"contentUrl\":\"https:\/\/owm-summit.de\/wp-content\/uploads\/sites\/36\/2020\/02\/owm-logo-black.svg\",\"width\":250,\"height\":100,\"caption\":\"OWM Summit\"},\"image\":{\"@id\":\"https:\/\/owm-summit.de\/#\/schema\/logo\/image\/\"}}]}<\/script>\n<!-- \/ Yoast SEO plugin. -->","yoast_head_json":{"title":"Programm - OWM Summit","robots":{"index":"index","follow":"follow","max-snippet":"max-snippet:-1","max-image-preview":"max-image-preview:large","max-video-preview":"max-video-preview:-1"},"canonical":"https:\/\/owm-summit.de\/en\/programm\/","og_locale":"en_US","og_type":"article","og_title":"Programm - OWM Summit","og_description":"Programm 2025 4. November | 17:30\u00a0 (Invitation only) CMO &amp; Marketing Leaders Pre-Event Ein exklusiver Auftakt f\u00fcr CMOs &amp; Marketing Leaders zum pers\u00f6nlichen Austausch und Kennenlernen der OWM Mitglieder-Community vor [&hellip;]","og_url":"https:\/\/owm-summit.de\/en\/programm\/","og_site_name":"OWM Summit","article_modified_time":"2025-11-24T09:54:33+00:00","twitter_card":"summary_large_image","twitter_misc":{"Est. reading time":"1 minute"},"schema":{"@context":"https:\/\/schema.org","@graph":[{"@type":"WebPage","@id":"https:\/\/owm-summit.de\/programm\/","url":"https:\/\/owm-summit.de\/programm\/","name":"Programm - OWM Summit","isPartOf":{"@id":"https:\/\/owm-summit.de\/#website"},"datePublished":"2025-09-09T07:37:43+00:00","dateModified":"2025-11-24T09:54:33+00:00","breadcrumb":{"@id":"https:\/\/owm-summit.de\/programm\/#breadcrumb"},"inLanguage":"en-US","potentialAction":[{"@type":"ReadAction","target":["https:\/\/owm-summit.de\/programm\/"]}]},{"@type":"BreadcrumbList","@id":"https:\/\/owm-summit.de\/programm\/#breadcrumb","itemListElement":[{"@type":"ListItem","position":1,"name":"Home","item":"https:\/\/owm-summit.de\/"},{"@type":"ListItem","position":2,"name":"Programm"}]},{"@type":"WebSite","@id":"https:\/\/owm-summit.de\/#website","url":"https:\/\/owm-summit.de\/","name":"OWM Summit","description":"OWM Summit 2025","publisher":{"@id":"https:\/\/owm-summit.de\/#organization"},"potentialAction":[{"@type":"SearchAction","target":{"@type":"EntryPoint","urlTemplate":"https:\/\/owm-summit.de\/?s={search_term_string}"},"query-input":{"@type":"PropertyValueSpecification","valueRequired":true,"valueName":"search_term_string"}}],"inLanguage":"en-US"},{"@type":"Organization","@id":"https:\/\/owm-summit.de\/#organization","name":"OWM Summit","url":"https:\/\/owm-summit.de\/","logo":{"@type":"ImageObject","inLanguage":"en-US","@id":"https:\/\/owm-summit.de\/#\/schema\/logo\/image\/","url":"https:\/\/owm-summit.de\/wp-content\/uploads\/sites\/36\/2020\/02\/owm-logo-black.svg","contentUrl":"https:\/\/owm-summit.de\/wp-content\/uploads\/sites\/36\/2020\/02\/owm-logo-black.svg","width":250,"height":100,"caption":"OWM Summit"},"image":{"@id":"https:\/\/owm-summit.de\/#\/schema\/logo\/image\/"}}]}},"_links":{"self":[{"href":"https:\/\/owm-summit.de\/en\/wp-json\/wp\/v2\/pages\/34989","targetHints":{"allow":["GET"]}}],"collection":[{"href":"https:\/\/owm-summit.de\/en\/wp-json\/wp\/v2\/pages"}],"about":[{"href":"https:\/\/owm-summit.de\/en\/wp-json\/wp\/v2\/types\/page"}],"author":[{"embeddable":true,"href":"https:\/\/owm-summit.de\/en\/wp-json\/wp\/v2\/users\/143"}],"replies":[{"embeddable":true,"href":"https:\/\/owm-summit.de\/en\/wp-json\/wp\/v2\/comments?post=34989"}],"version-history":[{"count":7,"href":"https:\/\/owm-summit.de\/en\/wp-json\/wp\/v2\/pages\/34989\/revisions"}],"predecessor-version":[{"id":35660,"href":"https:\/\/owm-summit.de\/en\/wp-json\/wp\/v2\/pages\/34989\/revisions\/35660"}],"wp:attachment":[{"href":"https:\/\/owm-summit.de\/en\/wp-json\/wp\/v2\/media?parent=34989"}],"wp:term":[{"taxonomy":"category","embeddable":true,"href":"https:\/\/owm-summit.de\/en\/wp-json\/wp\/v2\/categories?post=34989"},{"taxonomy":"post_tag","embeddable":true,"href":"https:\/\/owm-summit.de\/en\/wp-json\/wp\/v2\/tags?post=34989"}],"curies":[{"name":"wp","href":"https:\/\/api.w.org\/{rel}","templated":true}]}}