{"id":33091,"date":"2024-05-16T17:43:50","date_gmt":"2024-05-16T15:43:50","guid":{"rendered":"https:\/\/owm-summit.de\/?page_id=33091"},"modified":"2025-08-27T14:57:59","modified_gmt":"2025-08-27T12:57:59","slug":"agb","status":"publish","type":"page","link":"https:\/\/owm-summit.de\/en\/agb\/","title":{"rendered":"AGB"},"content":{"rendered":"<div data-elementor-type=\"wp-page\" data-elementor-id=\"33091\" class=\"elementor elementor-33091\" data-elementor-post-type=\"page\">\n\t\t\t\t\t\t<section class=\"elementor-section elementor-top-section elementor-element elementor-element-decd1a4 elementor-section-boxed elementor-section-height-default elementor-section-height-default\" data-id=\"decd1a4\" data-element_type=\"section\" data-settings=\"{&quot;background_background&quot;:&quot;classic&quot;}\">\n\t\t\t\t\t\t<div class=\"elementor-container elementor-column-gap-default\">\n\t\t\t\t\t<div class=\"elementor-column elementor-col-100 elementor-top-column elementor-element elementor-element-68f968f\" data-id=\"68f968f\" data-element_type=\"column\">\n\t\t\t<div class=\"elementor-widget-wrap elementor-element-populated\">\n\t\t\t\t\t\t<div class=\"elementor-element elementor-element-ef7bc8b elementor-widget__width-initial elementor-widget-tablet__width-inherit elementor-widget elementor-widget-text-editor\" data-id=\"ef7bc8b\" data-element_type=\"widget\" data-widget_type=\"text-editor.default\">\n\t\t\t\t<div class=\"elementor-widget-container\">\n\t\t\t<span id=\"ef7bc8b\"><\/span>\t\t\t\t<h1>Allgemeine Gesch\u00e4ftsbedingungen (AGB)<\/h1>\t\t\t\t\t\t<\/div>\n\t\t\t\t<\/div>\n\t\t\t\t<div class=\"elementor-element elementor-element-4be503f elementor-widget__width-initial elementor-widget-tablet__width-initial elementor-widget elementor-widget-text-editor\" data-id=\"4be503f\" data-element_type=\"widget\" data-widget_type=\"text-editor.default\">\n\t\t\t\t<div class=\"elementor-widget-container\">\n\t\t\t<span id=\"4be503f\"><\/span>\t\t\t\t<h4><span style=\"color: #000000\">1. Anmeldungen\/ Stornierungen\/ \u00c4nderungen<br><br><\/span><\/h4>\n<ol>\n<li><span style=\"background-color: transparent\">Anmeldungen sind verbindlich. Mit Zugang der Anmeldebest\u00e4tigung bei Ihnen gilt der Vertrag \u00fcber die Teilnahme an der Veranstaltung als abgeschlossen. Im Falle der \u00dcberbuchung wird der Anmeldende unverz\u00fcglich informiert; ein Vertrag kommt in diesem Fall nicht zustande.<\/span><\/li>\n<li><span style=\"color: #000000\">Mit Abschluss der Buchung im Ticketshop, Erhalt des Tickets und der Zahlung des Ticketpreises sind Sie zur Teilnahme an der Veranstaltung berechtigt.<\/span><\/li>\n<li><span style=\"color: #000000\">Die Stornierung gebuchter Anmeldungen ist grunds\u00e4tzlich nur schriftlich (per E-Mail oder Brief) m\u00f6glich. Wir bitten um Ihr Verst\u00e4ndnis, dass wir Ihnen bei Stornierungen nach dem 15. September 2025 die volle Teilnahmegeb\u00fchr in Rechnung stellen m\u00fcssen.<\/span><\/li>\n<li><span style=\"color: #000000\">Bei einer Stornierung nach erfolgtem Zahlungseingang, bis zum 15. September ist eine R\u00fcckerstattung der Teilnahmegeb\u00fchr grunds\u00e4tzlich m\u00f6glich, jedoch erheben wir eine pauschale Servicegeb\u00fchr zur Deckung des uns durch die Stornierung entstandenen Aufwands f\u00fcr Ticketbuchung und Zahlungsverkehr. Diese Geb\u00fchr wird von der zu erstattenden Teilnahmegeb\u00fchr abgezogen.<\/span><br><span style=\"color: #000000\">&#8211; F\u00fcr regul\u00e4re Tickets (Ticketpreis 649 \u20ac zzgl. MwSt.) betr\u00e4gt die Servicegeb\u00fchr <strong>35 \u20ac<\/strong>.<\/span><br><span style=\"color: #000000\">&#8211; F\u00fcr Tickets f\u00fcr Mitglieder der OWM (Ticketpreis 349 \u20ac zzgl. MwSt.) betr\u00e4gt die Servicegeb\u00fchr <strong>21 \u20ac<\/strong>.<\/span><\/li>\n<li><span style=\"color: #000000\">Grunds\u00e4tzlich besteht bei allen Veranstaltungen die M\u00f6glichkeit, einen Ersatzteilnehmer schriftlich (per E-Mail oder Brief) zu benennen.<\/span><\/li>\n<li><span style=\"color: #000000\">Wir behalten uns vor, die Veranstaltung wegen zu geringer Nachfrage bzw. Teilnehmerzahl oder aus sonstigen wichtigen, von uns nicht zu vertretenden Gr\u00fcnden (z. B. pl\u00f6tzliche Erkrankung des Dozenten, h\u00f6here Gewalt) abzusagen. Wir werden Sie hier\u00fcber selbstverst\u00e4ndlich unverz\u00fcglich informieren und eine bereits von Ihnen entrichtete Verg\u00fctung f\u00fcr die Veranstaltung unverz\u00fcglich zur\u00fcckerstatten. Haftungs- und Schadenersatzanspr\u00fcche, die nicht die Verletzung von Leben, K\u00f6rper oder Gesundheit betreffen, sind, soweit nicht Vorsatz oder grobe Fahrl\u00e4ssigkeit unsererseits vorliegt, ausgeschlossen. Bitte beachten Sie dies auch f\u00fcr von Ihnen gebuchte Hotelzimmer sowie Flug- oder Bahntickets.<\/span><\/li>\n<li><span style=\"color: #000000\">Geringf\u00fcgige \u00c4nderungen im Veranstaltungsprogramm behalten wir uns ebenso vor wie einen Dozentenwechsel aus wichtigem Grund.<br><br><\/span><\/li>\n<\/ol>\n<h4><span style=\"color: #000000\">2. Preise\/ Leistungsumfang<br><br><\/span><\/h4>\n<ol>\n<li><span style=\"color: #000000\">Die Verg\u00fctung f\u00fcr die Veranstaltung ist direkt im Rahmen der Buchung im Ticketshop zu entrichten. Zahlungen erfolgen \u00fcber die dort angebotenen Zahlungsm\u00f6glichkeiten.<\/span><\/li>\n<li><span style=\"color: #000000\">Der Preis umfasst, soweit nichts anderes angegeben ist, die Teilnahme an der Veranstaltung sowie die entsprechenden Unterlagen. Bei den Veranstaltungen sind zudem die Tagungsgetr\u00e4nke, die Pausenbewirtung und gegebenenfalls das Mittagessen inkludiert. Anreise und \u00dcbernachtung sind nicht im Preis enthalten.<br><br><\/span><\/li>\n<\/ol>\n<h4><span style=\"color: #000000\">3. Bildrechte\/ Nutzung und Weitergabe personenbezogener Daten\/ Veranstaltungskommunikation<br><br><\/span><\/h4>\n<p><span style=\"color: #000000\">Mit Ihrer Teilnahme am OWM Summit sowie der Advertisers\u2018 Night stimmen Sie der zeitlichen und r\u00e4umlichen unbegrenzten Nutzung der w\u00e4hrend der Advertisers\u2019 Night und OWM Summit aufgezeichneten Fotos, Ton- und Filmaufnahmen durch die OWM zu.<\/span><\/p>\n<p><span style=\"color: #000000\">Zus\u00e4tzlich erkl\u00e4ren Sie sich damit einverstanden, dass die uns zur Verf\u00fcgung gestellte E-Mail-Adresse zur Anmeldung und Durchf\u00fchrung der Veranstaltung genutzt werden darf. Ihre E-Mail-Adresse wird an Dritte nur weitergegeben oder \u00fcbermittelt, wenn dies zum Zweck der Veranstaltungsabwicklung erforderlich ist. Gerne senden wir Ihnen auch in Zukunft Informationen von der Organisation Werbungtreibende im Markenverband (OWM) zu. Sie k\u00f6nnen dieser Nutzung Ihrer E-Mail-Adresse jederzeit durch Widerruf per E-Mail an <a style=\"color: #000000\" href=\"mailto:events@owm.de\">events@owm.de<\/a> widersprechen.<br><br><\/span><\/p>\n<h4><span style=\"color: #000000\">4. Arbeitsmittel<\/span><\/h4>\n<p><span style=\"color: #000000\">Das schriftliche und\/oder digitale Begleitmaterial zu den Veranstaltungen ist urheberrechtlich gesch\u00fctzt und darf insoweit nicht ohne unsere Einwilligung vervielf\u00e4ltigt oder verbreitet werden.<br><br><\/span><\/p>\n<h4><span style=\"color: #000000\">5. Datenschutz<\/span><\/h4>\n<p><span style=\"color: #000000\">Ihre uns zur Verf\u00fcgung gestellten Daten behandeln wir selbstverst\u00e4ndlich vertraulich und geben sie nicht an Dritte weiter. Wir speichern die Daten nur zur Vorbereitung der Veranstaltung. Unsere Datenschutzerkl\u00e4rung finden Sie unter: Datenschutz (owm.de)<br><br><\/span><\/p>\n<h4><span style=\"color: #000000\">6. Haftung<\/span><\/h4>\n<p><span style=\"color: #000000\">Haftungs- und Schadenersatzanspr\u00fcche, die nicht die Verletzung von Leben, K\u00f6rper oder Gesundheit betreffen, sind, soweit nicht Vorsatz oder grobe Fahrl\u00e4ssigkeit unsererseits vorliegt, ausgeschlossen. Dies gilt auch zugunsten unserer gesetzlichen Vertreter und Erf\u00fcllungsgehilfen, wenn Anspr\u00fcche direkt gegen diese geltend gemacht werden.<\/span><\/p>\t\t\t\t\t\t<\/div>\n\t\t\t\t<\/div>\n\t\t\t\t\t<\/div>\n\t\t<\/div>\n\t\t\t\t\t<\/div>\n\t\t<\/section>\n\t\t\t\t<\/div>","protected":false},"excerpt":{"rendered":"<p>Allgemeine Gesch\u00e4ftsbedingungen (AGB) 1. Anmeldungen\/ Stornierungen\/ \u00c4nderungen Anmeldungen sind verbindlich. Mit Zugang der Anmeldebest\u00e4tigung bei Ihnen gilt der Vertrag \u00fcber die Teilnahme an der Veranstaltung als abgeschlossen. Im Falle der [&hellip;]<\/p>","protected":false},"author":143,"featured_media":0,"parent":0,"menu_order":0,"comment_status":"closed","ping_status":"closed","template":"elementor_header_footer","meta":{"_acf_changed":false,"inline_featured_image":false,"footnotes":""},"categories":[],"tags":[],"class_list":["post-33091","page","type-page","status-publish","hentry"],"acf":[],"yoast_head":"<!-- This site is optimized with the Yoast SEO plugin v24.2 - https:\/\/yoast.com\/wordpress\/plugins\/seo\/ -->\n<title>AGB - OWM Summit<\/title>\n<meta name=\"robots\" content=\"index, follow, max-snippet:-1, max-image-preview:large, max-video-preview:-1\" \/>\n<link rel=\"canonical\" href=\"https:\/\/owm-summit.de\/en\/agb\/\" \/>\n<meta property=\"og:locale\" content=\"en_US\" \/>\n<meta property=\"og:type\" content=\"article\" \/>\n<meta property=\"og:title\" content=\"AGB - OWM Summit\" \/>\n<meta property=\"og:description\" content=\"Allgemeine Gesch\u00e4ftsbedingungen (AGB) 1. Anmeldungen\/ Stornierungen\/ \u00c4nderungen Anmeldungen sind verbindlich. Mit Zugang der Anmeldebest\u00e4tigung bei Ihnen gilt der Vertrag \u00fcber die Teilnahme an der Veranstaltung als abgeschlossen. Im Falle der [&hellip;]\" \/>\n<meta property=\"og:url\" content=\"https:\/\/owm-summit.de\/en\/agb\/\" \/>\n<meta property=\"og:site_name\" content=\"OWM Summit\" \/>\n<meta property=\"article:modified_time\" content=\"2025-08-27T12:57:59+00:00\" \/>\n<meta name=\"twitter:card\" content=\"summary_large_image\" \/>\n<meta name=\"twitter:label1\" content=\"Est. reading time\" \/>\n\t<meta name=\"twitter:data1\" content=\"4 minutes\" \/>\n<script type=\"application\/ld+json\" class=\"yoast-schema-graph\">{\"@context\":\"https:\/\/schema.org\",\"@graph\":[{\"@type\":\"WebPage\",\"@id\":\"https:\/\/owm-summit.de\/agb\/\",\"url\":\"https:\/\/owm-summit.de\/agb\/\",\"name\":\"AGB - OWM Summit\",\"isPartOf\":{\"@id\":\"https:\/\/owm-summit.de\/#website\"},\"datePublished\":\"2024-05-16T15:43:50+00:00\",\"dateModified\":\"2025-08-27T12:57:59+00:00\",\"breadcrumb\":{\"@id\":\"https:\/\/owm-summit.de\/agb\/#breadcrumb\"},\"inLanguage\":\"en-US\",\"potentialAction\":[{\"@type\":\"ReadAction\",\"target\":[\"https:\/\/owm-summit.de\/agb\/\"]}]},{\"@type\":\"BreadcrumbList\",\"@id\":\"https:\/\/owm-summit.de\/agb\/#breadcrumb\",\"itemListElement\":[{\"@type\":\"ListItem\",\"position\":1,\"name\":\"Home\",\"item\":\"https:\/\/owm-summit.de\/\"},{\"@type\":\"ListItem\",\"position\":2,\"name\":\"AGB\"}]},{\"@type\":\"WebSite\",\"@id\":\"https:\/\/owm-summit.de\/#website\",\"url\":\"https:\/\/owm-summit.de\/\",\"name\":\"OWM Summit\",\"description\":\"OWM Summit 2025\",\"publisher\":{\"@id\":\"https:\/\/owm-summit.de\/#organization\"},\"potentialAction\":[{\"@type\":\"SearchAction\",\"target\":{\"@type\":\"EntryPoint\",\"urlTemplate\":\"https:\/\/owm-summit.de\/?s={search_term_string}\"},\"query-input\":{\"@type\":\"PropertyValueSpecification\",\"valueRequired\":true,\"valueName\":\"search_term_string\"}}],\"inLanguage\":\"en-US\"},{\"@type\":\"Organization\",\"@id\":\"https:\/\/owm-summit.de\/#organization\",\"name\":\"OWM Summit\",\"url\":\"https:\/\/owm-summit.de\/\",\"logo\":{\"@type\":\"ImageObject\",\"inLanguage\":\"en-US\",\"@id\":\"https:\/\/owm-summit.de\/#\/schema\/logo\/image\/\",\"url\":\"https:\/\/owm-summit.de\/wp-content\/uploads\/sites\/36\/2020\/02\/owm-logo-black.svg\",\"contentUrl\":\"https:\/\/owm-summit.de\/wp-content\/uploads\/sites\/36\/2020\/02\/owm-logo-black.svg\",\"width\":250,\"height\":100,\"caption\":\"OWM Summit\"},\"image\":{\"@id\":\"https:\/\/owm-summit.de\/#\/schema\/logo\/image\/\"}}]}<\/script>\n<!-- \/ Yoast SEO plugin. -->","yoast_head_json":{"title":"AGB - OWM Summit","robots":{"index":"index","follow":"follow","max-snippet":"max-snippet:-1","max-image-preview":"max-image-preview:large","max-video-preview":"max-video-preview:-1"},"canonical":"https:\/\/owm-summit.de\/en\/agb\/","og_locale":"en_US","og_type":"article","og_title":"AGB - OWM Summit","og_description":"Allgemeine Gesch\u00e4ftsbedingungen (AGB) 1. Anmeldungen\/ Stornierungen\/ \u00c4nderungen Anmeldungen sind verbindlich. Mit Zugang der Anmeldebest\u00e4tigung bei Ihnen gilt der Vertrag \u00fcber die Teilnahme an der Veranstaltung als abgeschlossen. Im Falle der [&hellip;]","og_url":"https:\/\/owm-summit.de\/en\/agb\/","og_site_name":"OWM Summit","article_modified_time":"2025-08-27T12:57:59+00:00","twitter_card":"summary_large_image","twitter_misc":{"Est. reading time":"4 minutes"},"schema":{"@context":"https:\/\/schema.org","@graph":[{"@type":"WebPage","@id":"https:\/\/owm-summit.de\/agb\/","url":"https:\/\/owm-summit.de\/agb\/","name":"AGB - OWM Summit","isPartOf":{"@id":"https:\/\/owm-summit.de\/#website"},"datePublished":"2024-05-16T15:43:50+00:00","dateModified":"2025-08-27T12:57:59+00:00","breadcrumb":{"@id":"https:\/\/owm-summit.de\/agb\/#breadcrumb"},"inLanguage":"en-US","potentialAction":[{"@type":"ReadAction","target":["https:\/\/owm-summit.de\/agb\/"]}]},{"@type":"BreadcrumbList","@id":"https:\/\/owm-summit.de\/agb\/#breadcrumb","itemListElement":[{"@type":"ListItem","position":1,"name":"Home","item":"https:\/\/owm-summit.de\/"},{"@type":"ListItem","position":2,"name":"AGB"}]},{"@type":"WebSite","@id":"https:\/\/owm-summit.de\/#website","url":"https:\/\/owm-summit.de\/","name":"OWM Summit","description":"OWM Summit 2025","publisher":{"@id":"https:\/\/owm-summit.de\/#organization"},"potentialAction":[{"@type":"SearchAction","target":{"@type":"EntryPoint","urlTemplate":"https:\/\/owm-summit.de\/?s={search_term_string}"},"query-input":{"@type":"PropertyValueSpecification","valueRequired":true,"valueName":"search_term_string"}}],"inLanguage":"en-US"},{"@type":"Organization","@id":"https:\/\/owm-summit.de\/#organization","name":"OWM Summit","url":"https:\/\/owm-summit.de\/","logo":{"@type":"ImageObject","inLanguage":"en-US","@id":"https:\/\/owm-summit.de\/#\/schema\/logo\/image\/","url":"https:\/\/owm-summit.de\/wp-content\/uploads\/sites\/36\/2020\/02\/owm-logo-black.svg","contentUrl":"https:\/\/owm-summit.de\/wp-content\/uploads\/sites\/36\/2020\/02\/owm-logo-black.svg","width":250,"height":100,"caption":"OWM Summit"},"image":{"@id":"https:\/\/owm-summit.de\/#\/schema\/logo\/image\/"}}]}},"_links":{"self":[{"href":"https:\/\/owm-summit.de\/en\/wp-json\/wp\/v2\/pages\/33091","targetHints":{"allow":["GET"]}}],"collection":[{"href":"https:\/\/owm-summit.de\/en\/wp-json\/wp\/v2\/pages"}],"about":[{"href":"https:\/\/owm-summit.de\/en\/wp-json\/wp\/v2\/types\/page"}],"author":[{"embeddable":true,"href":"https:\/\/owm-summit.de\/en\/wp-json\/wp\/v2\/users\/143"}],"replies":[{"embeddable":true,"href":"https:\/\/owm-summit.de\/en\/wp-json\/wp\/v2\/comments?post=33091"}],"version-history":[{"count":22,"href":"https:\/\/owm-summit.de\/en\/wp-json\/wp\/v2\/pages\/33091\/revisions"}],"predecessor-version":[{"id":34639,"href":"https:\/\/owm-summit.de\/en\/wp-json\/wp\/v2\/pages\/33091\/revisions\/34639"}],"wp:attachment":[{"href":"https:\/\/owm-summit.de\/en\/wp-json\/wp\/v2\/media?parent=33091"}],"wp:term":[{"taxonomy":"category","embeddable":true,"href":"https:\/\/owm-summit.de\/en\/wp-json\/wp\/v2\/categories?post=33091"},{"taxonomy":"post_tag","embeddable":true,"href":"https:\/\/owm-summit.de\/en\/wp-json\/wp\/v2\/tags?post=33091"}],"curies":[{"name":"wp","href":"https:\/\/api.w.org\/{rel}","templated":true}]}}