{"id":30903,"date":"2023-09-05T09:55:00","date_gmt":"2023-09-05T07:55:49","guid":{"rendered":"https:\/\/owm-summit.de\/ansprechpartnerinnen-2\/"},"modified":"2025-09-01T13:05:43","modified_gmt":"2025-09-01T11:05:43","slug":"location","status":"publish","type":"page","link":"https:\/\/owm-summit.de\/en\/location\/","title":{"rendered":"Location"},"content":{"rendered":"<div data-elementor-type=\"wp-page\" data-elementor-id=\"30903\" class=\"elementor elementor-30903\" data-elementor-post-type=\"page\">\n\t\t\t\t\t\t<section class=\"elementor-section elementor-top-section elementor-element elementor-element-952242a elementor-section-boxed elementor-section-height-default elementor-section-height-default\" data-id=\"952242a\" data-element_type=\"section\">\n\t\t\t\t\t\t<div class=\"elementor-container elementor-column-gap-default\">\n\t\t\t\t\t<div class=\"elementor-column elementor-col-100 elementor-top-column elementor-element elementor-element-e74cb77\" data-id=\"e74cb77\" data-element_type=\"column\">\n\t\t\t<div class=\"elementor-widget-wrap elementor-element-populated\">\n\t\t\t\t\t\t<div class=\"elementor-element elementor-element-cc5438a elementor-widget__width-initial elementor-widget-tablet__width-inherit elementor-widget elementor-widget-text-editor\" data-id=\"cc5438a\" data-element_type=\"widget\" data-widget_type=\"text-editor.default\">\n\t\t\t\t<div class=\"elementor-widget-container\">\n\t\t\t<span id=\"cc5438a\"><\/span>\t\t\t\t<h1>Location 2025<\/h1>\t\t\t\t\t\t<\/div>\n\t\t\t\t<\/div>\n\t\t\t\t<div class=\"elementor-element elementor-element-ec26153 elementor-widget elementor-widget-text-editor\" data-id=\"ec26153\" data-element_type=\"widget\" data-widget_type=\"text-editor.default\">\n\t\t\t\t<div class=\"elementor-widget-container\">\n\t\t\t<span id=\"ec26153\"><\/span>\t\t\t\t<p>Alte M\u00fcnze Berlin<br \/>Molkenmarkt 31<br \/>10179 Berlin<\/p><p><a href=\"https:\/\/www.google.com\/maps\/place\/\/data=!4m2!3m1!1s0x47a84e2132045a53:0x1d72e8f20a94f2dc?sa=X&amp;ved=1t:8290&amp;ictx=111\" target=\"_blank\" rel=\"noopener\"><strong>Google Maps<\/strong><\/a><\/p>\t\t\t\t\t\t<\/div>\n\t\t\t\t<\/div>\n\t\t\t\t<div class=\"elementor-element elementor-element-2600bed elementor-widget__width-initial elementor-widget-tablet__width-inherit elementor-widget elementor-widget-text-editor\" data-id=\"2600bed\" data-element_type=\"widget\" data-widget_type=\"text-editor.default\">\n\t\t\t\t<div class=\"elementor-widget-container\">\n\t\t\t<span id=\"2600bed\"><\/span>\t\t\t\t<p>Anfahrt<\/p>\t\t\t\t\t\t<\/div>\n\t\t\t\t<\/div>\n\t\t\t\t<div class=\"elementor-element elementor-element-c30955e elementor-widget elementor-widget-text-editor\" data-id=\"c30955e\" data-element_type=\"widget\" data-widget_type=\"text-editor.default\">\n\t\t\t\t<div class=\"elementor-widget-container\">\n\t\t\t<span id=\"c30955e\"><\/span>\t\t\t\t<p><strong>Ab Alexanderplatz:<\/strong><br \/>U2 bis Klosterstra\u00dfe<\/p><p><strong>Vom Hauptbahnhof:<\/strong><br \/>U5 bis Rotes Rathaus<\/p><p><strong>Vom Flughafen BER:<\/strong><br \/>RB23 bis Alexanderplatz, dann U2 bis Klosterstra\u00dfe<\/p><p>F\u00fcr die An- und Abreise unserer G\u00e4ste wollen wir gern eine klimafreundliche M\u00f6glichkeit anbieten. Die Alte M\u00fcnze Berlin liegt zentral in der N\u00e4he des Berliner Alexanderplatzes und ist dadurch mit \u00f6ffentlichen Verkehrsmitteln sehr gut zu erreichen. Vom Berliner Hauptbahnhof oder Alexanderplatz kommt ihr auf direktem Weg mit der U2 zum U-Bhf Klosterstra\u00dfe, an der sich die Alte M\u00fcnze Berlin befindet.<\/p><p>F\u00fcr die Anreise nach Berlin bieten wir daher in Kooperation mit der Deutschen Bahn ein Veranstaltungsticket zu verg\u00fcnstigten Konditionen an.<\/p><p>Du profitierst gleich mehrfach:<\/p><ul><li><strong>Attraktive Preisvorteile:<\/strong> G\u00fcnstigster Einstiegspreis bereits ab 16,19 Euro<\/li><li><strong>Flexibel kombinieren:<\/strong> Profitiere von zus\u00e4tzlichen BahnCard-Vorteilen<\/li><li><strong>Nachhaltigkeit garantiert<\/strong>: An- und Abreise in den Z\u00fcgen der Deutschen Bahn mit 100 % \u00d6kostrom<\/li><\/ul><p><br \/>Bitte buche dein Ticket direkt \u00fcber die DB:<\/p><p><a href=\"https:\/\/www.veranstaltungsticket-bahn.de\/?event=36232&amp;language=de\" target=\"_blank\" rel=\"noopener\"><img decoding=\"async\" class=\"alignnone wp-image-32955 size-medium\" src=\"https:\/\/owm-summit.de\/wp-content\/uploads\/sites\/36\/2024\/05\/OWMBAHNTICKET-300x70.png\" alt=\"\" width=\"300\" height=\"70\" srcset=\"https:\/\/owm-summit.de\/wp-content\/uploads\/sites\/36\/2024\/05\/OWMBAHNTICKET-300x70.png 300w, https:\/\/owm-summit.de\/wp-content\/uploads\/sites\/36\/2024\/05\/OWMBAHNTICKET-18x4.png 18w, https:\/\/owm-summit.de\/wp-content\/uploads\/sites\/36\/2024\/05\/OWMBAHNTICKET-50x12.png 50w, https:\/\/owm-summit.de\/wp-content\/uploads\/sites\/36\/2024\/05\/OWMBAHNTICKET-36x8.png 36w, https:\/\/owm-summit.de\/wp-content\/uploads\/sites\/36\/2024\/05\/OWMBAHNTICKET-48x11.png 48w, https:\/\/owm-summit.de\/wp-content\/uploads\/sites\/36\/2024\/05\/OWMBAHNTICKET.png 464w\" sizes=\"(max-width: 300px) 100vw, 300px\" \/><\/a><\/p>\t\t\t\t\t\t<\/div>\n\t\t\t\t<\/div>\n\t\t\t\t<div class=\"elementor-element elementor-element-e23792d elementor-arrows-position-inside elementor-widget elementor-widget-image-carousel\" data-id=\"e23792d\" data-element_type=\"widget\" data-settings=\"{&quot;slides_to_show&quot;:&quot;3&quot;,&quot;navigation&quot;:&quot;arrows&quot;,&quot;infinite&quot;:&quot;yes&quot;,&quot;speed&quot;:500}\" data-widget_type=\"image-carousel.default\">\n\t\t\t\t<div class=\"elementor-widget-container\">\n\t\t\t<span id=\"e23792d\"><\/span>\t\t<div class=\"elementor-image-carousel-wrapper swiper\" dir=\"ltr\">\n\t\t\t<div class=\"elementor-image-carousel swiper-wrapper swiper-image-stretch\" aria-live=\"polite\">\n\t\t\t\t\t\t\t\t<div class=\"swiper-slide\" role=\"group\" aria-roledescription=\"slide\" aria-label=\"1 of 5\"><a data-elementor-open-lightbox=\"yes\" data-elementor-lightbox-slideshow=\"e23792d\" data-e-action-hash=\"#elementor-action%3Aaction%3Dlightbox%26settings%3DeyJpZCI6IjMyOTY3IiwidXJsIjoiaHR0cHM6XC9cL293bS1zdW1taXQuZGVcL3dwLWNvbnRlbnRcL3VwbG9hZHNcL3NpdGVzXC8zNlwvMjAyNFwvMDVcL0FtdWVuemVfMi5qcGciLCJzbGlkZXNob3ciOiJlMjM3OTJkIn0%3D\" href=\"https:\/\/owm-summit.de\/wp-content\/uploads\/sites\/36\/2024\/05\/Amuenze_2.jpg\"><figure class=\"swiper-slide-inner\"><img decoding=\"async\" class=\"swiper-slide-image\" src=\"https:\/\/owm-summit.de\/wp-content\/uploads\/sites\/36\/2024\/05\/Amuenze_2.jpg\" alt=\"Amuenze_2\" \/><\/figure><\/a><\/div><div class=\"swiper-slide\" role=\"group\" aria-roledescription=\"slide\" aria-label=\"2 of 5\"><a data-elementor-open-lightbox=\"yes\" data-elementor-lightbox-slideshow=\"e23792d\" data-e-action-hash=\"#elementor-action%3Aaction%3Dlightbox%26settings%3DeyJpZCI6IjMyNzQzIiwidXJsIjoiaHR0cHM6XC9cL293bS1zdW1taXQuZGVcL3dwLWNvbnRlbnRcL3VwbG9hZHNcL3NpdGVzXC8zNlwvMjAyNFwvMDVcL0FsdGVNdWVuemUtMi5qcGciLCJzbGlkZXNob3ciOiJlMjM3OTJkIn0%3D\" href=\"https:\/\/owm-summit.de\/wp-content\/uploads\/sites\/36\/2024\/05\/AlteMuenze-2.jpg\"><figure class=\"swiper-slide-inner\"><img decoding=\"async\" class=\"swiper-slide-image\" src=\"https:\/\/owm-summit.de\/wp-content\/uploads\/sites\/36\/2024\/05\/AlteMuenze-2.jpg\" alt=\"AlteMuenze-2\" \/><\/figure><\/a><\/div><div class=\"swiper-slide\" role=\"group\" aria-roledescription=\"slide\" aria-label=\"3 of 5\"><a data-elementor-open-lightbox=\"yes\" data-elementor-lightbox-slideshow=\"e23792d\" data-e-action-hash=\"#elementor-action%3Aaction%3Dlightbox%26settings%3DeyJpZCI6IjMyNzQyIiwidXJsIjoiaHR0cHM6XC9cL293bS1zdW1taXQuZGVcL3dwLWNvbnRlbnRcL3VwbG9hZHNcL3NpdGVzXC8zNlwvMjAyNFwvMDVcL0FsdGVNdWVuemUtMS5qcGciLCJzbGlkZXNob3ciOiJlMjM3OTJkIn0%3D\" href=\"https:\/\/owm-summit.de\/wp-content\/uploads\/sites\/36\/2024\/05\/AlteMuenze-1.jpg\"><figure class=\"swiper-slide-inner\"><img decoding=\"async\" class=\"swiper-slide-image\" src=\"https:\/\/owm-summit.de\/wp-content\/uploads\/sites\/36\/2024\/05\/AlteMuenze-1.jpg\" alt=\"AlteMuenze-1\" \/><\/figure><\/a><\/div><div class=\"swiper-slide\" role=\"group\" aria-roledescription=\"slide\" aria-label=\"4 of 5\"><a data-elementor-open-lightbox=\"yes\" data-elementor-lightbox-slideshow=\"e23792d\" data-e-action-hash=\"#elementor-action%3Aaction%3Dlightbox%26settings%3DeyJpZCI6IjMyNzM4IiwidXJsIjoiaHR0cHM6XC9cL293bS1zdW1taXQuZGVcL3dwLWNvbnRlbnRcL3VwbG9hZHNcL3NpdGVzXC8zNlwvMjAyNFwvMDVcL1x1MDBhOS1GbG9yaWFuLUtyb2xsLUFsdGUtTXVlbnplLUZsYWVjaGVuLTctc2NhbGVkLTEuanBnIiwic2xpZGVzaG93IjoiZTIzNzkyZCJ9\" href=\"https:\/\/owm-summit.de\/wp-content\/uploads\/sites\/36\/2024\/05\/\u00a9-Florian-Kroll-Alte-Muenze-Flaechen-7-scaled-1.jpg\"><figure class=\"swiper-slide-inner\"><img decoding=\"async\" class=\"swiper-slide-image\" src=\"https:\/\/owm-summit.de\/wp-content\/uploads\/sites\/36\/2024\/05\/\u00a9-Florian-Kroll-Alte-Muenze-Flaechen-7-scaled-1.jpg\" alt=\"\u00a9-Florian-Kroll-Alte-Muenze-Flaechen-7-scaled\" \/><\/figure><\/a><\/div><div class=\"swiper-slide\" role=\"group\" aria-roledescription=\"slide\" aria-label=\"5 of 5\"><a data-elementor-open-lightbox=\"yes\" data-elementor-lightbox-slideshow=\"e23792d\" data-e-action-hash=\"#elementor-action%3Aaction%3Dlightbox%26settings%3DeyJpZCI6IjMyNzM5IiwidXJsIjoiaHR0cHM6XC9cL293bS1zdW1taXQuZGVcL3dwLWNvbnRlbnRcL3VwbG9hZHNcL3NpdGVzXC8zNlwvMjAyNFwvMDVcL1x1MDBhOS1GbG9yaWFuLUtyb2xsLUFsdGUtTXVlbnplLUZsYWVjaGVuLTEyLXNjYWxlZC0xLmpwZyIsInNsaWRlc2hvdyI6ImUyMzc5MmQifQ%3D%3D\" href=\"https:\/\/owm-summit.de\/wp-content\/uploads\/sites\/36\/2024\/05\/\u00a9-Florian-Kroll-Alte-Muenze-Flaechen-12-scaled-1.jpg\"><figure class=\"swiper-slide-inner\"><img decoding=\"async\" class=\"swiper-slide-image\" src=\"https:\/\/owm-summit.de\/wp-content\/uploads\/sites\/36\/2024\/05\/\u00a9-Florian-Kroll-Alte-Muenze-Flaechen-12-scaled-1.jpg\" alt=\"\u00a9-Florian-Kroll-Alte-Muenze-Flaechen-12-scaled\" \/><\/figure><\/a><\/div>\t\t\t<\/div>\n\t\t\t\t\t\t\t\t\t\t\t\t<div class=\"elementor-swiper-button elementor-swiper-button-prev\" role=\"button\" tabindex=\"0\">\n\t\t\t\t\t\t<i aria-hidden=\"true\" class=\"eicon-chevron-left\"><\/i>\t\t\t\t\t<\/div>\n\t\t\t\t\t<div class=\"elementor-swiper-button elementor-swiper-button-next\" role=\"button\" tabindex=\"0\">\n\t\t\t\t\t\t<i aria-hidden=\"true\" class=\"eicon-chevron-right\"><\/i>\t\t\t\t\t<\/div>\n\t\t\t\t\n\t\t\t\t\t\t\t\t\t<\/div>\n\t\t\t\t<\/div>\n\t\t\t\t<\/div>\n\t\t\t\t<div class=\"elementor-element elementor-element-7ad1f25 elementor-widget elementor-widget-text-editor\" data-id=\"7ad1f25\" data-element_type=\"widget\" data-widget_type=\"text-editor.default\">\n\t\t\t\t<div class=\"elementor-widget-container\">\n\t\t\t<span id=\"7ad1f25\"><\/span>\t\t\t\t<p><strong>Alte M\u00fcnze Berlin<\/strong> ist ein ehemaliges M\u00fcnzpr\u00e4gewerk in Berlin-Mitte am Ufer der Spree, an dem ein Ort f\u00fcr Kunst- und Kulturschaffende, junge Kreative, die Stadtgesellschaft und alle Interessierte geschaffen wurde. Das historische Geb\u00e4udeensemble bietet Raum f\u00fcr diverse Veranstaltungsformate, aber auch f\u00fcr Ateliers und Studios unterschiedlicher k\u00fcnstlerischer Ausdrucksformen.<\/p><p>Die Alte M\u00fcnze ist ein stetig wachsendes Zuhause einer interdisziplin\u00e4ren Gemeinschaft und steht f\u00fcr zukunftsgerichtete Umnutzung historischer Stadtr\u00e4ume sowie eine diverse Stadtgesellschaft, die ein solidarisches Miteinander zwischen unterschiedlichen Projekten mit verschiedenen Anspr\u00fcchen und Voraussetzungen erm\u00f6glicht.<\/p>\t\t\t\t\t\t<\/div>\n\t\t\t\t<\/div>\n\t\t\t\t<div class=\"elementor-element elementor-element-6dc04d8 elementor-widget__width-initial elementor-widget-tablet__width-inherit elementor-widget elementor-widget-text-editor\" data-id=\"6dc04d8\" data-element_type=\"widget\" data-widget_type=\"text-editor.default\">\n\t\t\t\t<div class=\"elementor-widget-container\">\n\t\t\t<span id=\"6dc04d8\"><\/span>\t\t\t\t<p><span style=\"color: #000000\">Hotelempfehlungen<\/span><\/p>\t\t\t\t\t\t<\/div>\n\t\t\t\t<\/div>\n\t\t\t\t<div class=\"elementor-element elementor-element-a9ce555 elementor-widget elementor-widget-text-editor\" data-id=\"a9ce555\" data-element_type=\"widget\" data-widget_type=\"text-editor.default\">\n\t\t\t\t<div class=\"elementor-widget-container\">\n\t\t\t<span id=\"a9ce555\"><\/span>\t\t\t\t<p>Hotel-Optionen, die nachhaltig und nah zur Alten M\u00fcnze Berlin gelegen sind:<\/p><p id=\"hotel-name\" class=\"hotel__title\"><strong><span class=\"hotel--name\"><br \/>Novotel Berlin Mitte<br \/><\/span><\/strong><span class=\"hotel--name\">Fischerinsel 12<br \/>10179 Berlin<br \/>Tel.: +49 (0) 30 206 74 0<br \/><a href=\"https:\/\/all.accor.com\/hotel\/3278\/index.de.shtml?utm_campaign=seo+maps&amp;utm_medium=seo+maps&amp;utm_source=google+Maps\" target=\"_blank\" rel=\"noopener\"><span style=\"text-decoration: underline\">Online-Reservierung<\/span><\/a><\/span><\/p><div class=\"property-location__details-title-hotel-name\"><p><strong><br \/>Capri By Fraser, Berlin<br \/><\/strong>Scharrenstra\u00dfe 22<br \/>10178 Berlin<br \/>Tel.: +49 (0) 30 200 770 1800<br \/><a href=\"https:\/\/www.frasershospitality.com\/de\/germany\/berlin\/capri-by-fraser-berlin\/?utm_source=google&amp;utm_medium=cpc&amp;utm_campaign=branded_search&amp;gad_source=1\" target=\"_blank\" rel=\"noopener\">Online-Reservierung<\/a><\/p><p><strong><br \/>Park Plaza Wallstreet Berlin Mitte<br \/><\/strong>Wallstra\u00dfe 23-24<br \/>10179 Berlin<br \/>Tel.: +49 (0) 30 847 117 0<br \/><a href=\"https:\/\/www.radissonhotels.com\/en-us\/hotels\/park-plaza-wallstreet-berlin-mitte?cid=b%3Agmb+c%3Aemea+e%3Apph+d%3Acese+f%3Aen-US+h%3APPWB\" target=\"_blank\" rel=\"noopener\">Online-Reservierung<\/a><\/p><p><strong><br \/>Lux Eleven Berlin-Mitte<br \/><\/strong>Rosa-Luxemburg-Strasse 11-13<br \/>10178 Berlin<br \/>Tel.: +49 (0) 30 936 280 0<br \/><a href=\"https:\/\/www.lux-eleven.com\/\" target=\"_blank\" rel=\"noopener\">Online-Reservierung<\/a><\/p><\/div>\t\t\t\t\t\t<\/div>\n\t\t\t\t<\/div>\n\t\t\t\t\t<\/div>\n\t\t<\/div>\n\t\t\t\t\t<\/div>\n\t\t<\/section>\n\t\t\t\t<\/div>","protected":false},"excerpt":{"rendered":"<p>Location 2025 Alte M\u00fcnze BerlinMolkenmarkt 3110179 Berlin Google Maps Anfahrt Ab Alexanderplatz:U2 bis Klosterstra\u00dfe Vom Hauptbahnhof:U5 bis Rotes Rathaus Vom Flughafen BER:RB23 bis Alexanderplatz, dann U2 bis Klosterstra\u00dfe F\u00fcr die [&hellip;]<\/p>","protected":false},"author":23,"featured_media":0,"parent":0,"menu_order":1,"comment_status":"closed","ping_status":"closed","template":"elementor_header_footer","meta":{"_acf_changed":false,"inline_featured_image":false,"footnotes":""},"categories":[],"tags":[],"class_list":["post-30903","page","type-page","status-publish","hentry"],"acf":[],"yoast_head":"<!-- This site is optimized with the Yoast SEO plugin v24.2 - https:\/\/yoast.com\/wordpress\/plugins\/seo\/ -->\n<title>Location - OWM Summit<\/title>\n<meta name=\"robots\" content=\"index, follow, max-snippet:-1, max-image-preview:large, max-video-preview:-1\" \/>\n<link rel=\"canonical\" href=\"https:\/\/owm-summit.de\/en\/location\/\" \/>\n<meta property=\"og:locale\" content=\"en_US\" \/>\n<meta property=\"og:type\" content=\"article\" \/>\n<meta property=\"og:title\" content=\"Location - OWM Summit\" \/>\n<meta property=\"og:description\" content=\"Location 2025 Alte M\u00fcnze BerlinMolkenmarkt 3110179 Berlin Google Maps Anfahrt Ab Alexanderplatz:U2 bis Klosterstra\u00dfe Vom Hauptbahnhof:U5 bis Rotes Rathaus Vom Flughafen BER:RB23 bis Alexanderplatz, dann U2 bis Klosterstra\u00dfe F\u00fcr die [&hellip;]\" \/>\n<meta property=\"og:url\" content=\"https:\/\/owm-summit.de\/en\/location\/\" \/>\n<meta property=\"og:site_name\" content=\"OWM Summit\" \/>\n<meta property=\"article:modified_time\" content=\"2025-09-01T11:05:43+00:00\" \/>\n<meta property=\"og:image\" content=\"https:\/\/owm-summit.de\/wp-content\/uploads\/sites\/36\/2024\/05\/OWMBAHNTICKET.png\" \/>\n\t<meta property=\"og:image:width\" content=\"464\" \/>\n\t<meta property=\"og:image:height\" content=\"108\" \/>\n\t<meta property=\"og:image:type\" content=\"image\/png\" \/>\n<meta name=\"twitter:card\" content=\"summary_large_image\" \/>\n<meta name=\"twitter:label1\" content=\"Est. reading time\" \/>\n\t<meta name=\"twitter:data1\" content=\"5 minutes\" \/>\n<script type=\"application\/ld+json\" class=\"yoast-schema-graph\">{\"@context\":\"https:\/\/schema.org\",\"@graph\":[{\"@type\":\"WebPage\",\"@id\":\"https:\/\/owm-summit.de\/location\/\",\"url\":\"https:\/\/owm-summit.de\/location\/\",\"name\":\"Location - OWM Summit\",\"isPartOf\":{\"@id\":\"https:\/\/owm-summit.de\/#website\"},\"primaryImageOfPage\":{\"@id\":\"https:\/\/owm-summit.de\/location\/#primaryimage\"},\"image\":{\"@id\":\"https:\/\/owm-summit.de\/location\/#primaryimage\"},\"thumbnailUrl\":\"https:\/\/owm-summit.de\/wp-content\/uploads\/sites\/36\/2024\/05\/OWMBAHNTICKET-300x70.png\",\"datePublished\":\"2023-09-05T07:55:49+00:00\",\"dateModified\":\"2025-09-01T11:05:43+00:00\",\"breadcrumb\":{\"@id\":\"https:\/\/owm-summit.de\/location\/#breadcrumb\"},\"inLanguage\":\"en-US\",\"potentialAction\":[{\"@type\":\"ReadAction\",\"target\":[\"https:\/\/owm-summit.de\/location\/\"]}]},{\"@type\":\"ImageObject\",\"inLanguage\":\"en-US\",\"@id\":\"https:\/\/owm-summit.de\/location\/#primaryimage\",\"url\":\"https:\/\/owm-summit.de\/wp-content\/uploads\/sites\/36\/2024\/05\/OWMBAHNTICKET-300x70.png\",\"contentUrl\":\"https:\/\/owm-summit.de\/wp-content\/uploads\/sites\/36\/2024\/05\/OWMBAHNTICKET-300x70.png\"},{\"@type\":\"BreadcrumbList\",\"@id\":\"https:\/\/owm-summit.de\/location\/#breadcrumb\",\"itemListElement\":[{\"@type\":\"ListItem\",\"position\":1,\"name\":\"Home\",\"item\":\"https:\/\/owm-summit.de\/\"},{\"@type\":\"ListItem\",\"position\":2,\"name\":\"Location\"}]},{\"@type\":\"WebSite\",\"@id\":\"https:\/\/owm-summit.de\/#website\",\"url\":\"https:\/\/owm-summit.de\/\",\"name\":\"OWM Summit\",\"description\":\"OWM Summit 2025\",\"publisher\":{\"@id\":\"https:\/\/owm-summit.de\/#organization\"},\"potentialAction\":[{\"@type\":\"SearchAction\",\"target\":{\"@type\":\"EntryPoint\",\"urlTemplate\":\"https:\/\/owm-summit.de\/?s={search_term_string}\"},\"query-input\":{\"@type\":\"PropertyValueSpecification\",\"valueRequired\":true,\"valueName\":\"search_term_string\"}}],\"inLanguage\":\"en-US\"},{\"@type\":\"Organization\",\"@id\":\"https:\/\/owm-summit.de\/#organization\",\"name\":\"OWM Summit\",\"url\":\"https:\/\/owm-summit.de\/\",\"logo\":{\"@type\":\"ImageObject\",\"inLanguage\":\"en-US\",\"@id\":\"https:\/\/owm-summit.de\/#\/schema\/logo\/image\/\",\"url\":\"https:\/\/owm-summit.de\/wp-content\/uploads\/sites\/36\/2020\/02\/owm-logo-black.svg\",\"contentUrl\":\"https:\/\/owm-summit.de\/wp-content\/uploads\/sites\/36\/2020\/02\/owm-logo-black.svg\",\"width\":250,\"height\":100,\"caption\":\"OWM Summit\"},\"image\":{\"@id\":\"https:\/\/owm-summit.de\/#\/schema\/logo\/image\/\"}}]}<\/script>\n<!-- \/ Yoast SEO plugin. -->","yoast_head_json":{"title":"Location - OWM Summit","robots":{"index":"index","follow":"follow","max-snippet":"max-snippet:-1","max-image-preview":"max-image-preview:large","max-video-preview":"max-video-preview:-1"},"canonical":"https:\/\/owm-summit.de\/en\/location\/","og_locale":"en_US","og_type":"article","og_title":"Location - OWM Summit","og_description":"Location 2025 Alte M\u00fcnze BerlinMolkenmarkt 3110179 Berlin Google Maps Anfahrt Ab Alexanderplatz:U2 bis Klosterstra\u00dfe Vom Hauptbahnhof:U5 bis Rotes Rathaus Vom Flughafen BER:RB23 bis Alexanderplatz, dann U2 bis Klosterstra\u00dfe F\u00fcr die [&hellip;]","og_url":"https:\/\/owm-summit.de\/en\/location\/","og_site_name":"OWM Summit","article_modified_time":"2025-09-01T11:05:43+00:00","og_image":[{"width":464,"height":108,"url":"https:\/\/owm-summit.de\/wp-content\/uploads\/sites\/36\/2024\/05\/OWMBAHNTICKET.png","type":"image\/png"}],"twitter_card":"summary_large_image","twitter_misc":{"Est. reading time":"5 minutes"},"schema":{"@context":"https:\/\/schema.org","@graph":[{"@type":"WebPage","@id":"https:\/\/owm-summit.de\/location\/","url":"https:\/\/owm-summit.de\/location\/","name":"Location - OWM Summit","isPartOf":{"@id":"https:\/\/owm-summit.de\/#website"},"primaryImageOfPage":{"@id":"https:\/\/owm-summit.de\/location\/#primaryimage"},"image":{"@id":"https:\/\/owm-summit.de\/location\/#primaryimage"},"thumbnailUrl":"https:\/\/owm-summit.de\/wp-content\/uploads\/sites\/36\/2024\/05\/OWMBAHNTICKET-300x70.png","datePublished":"2023-09-05T07:55:49+00:00","dateModified":"2025-09-01T11:05:43+00:00","breadcrumb":{"@id":"https:\/\/owm-summit.de\/location\/#breadcrumb"},"inLanguage":"en-US","potentialAction":[{"@type":"ReadAction","target":["https:\/\/owm-summit.de\/location\/"]}]},{"@type":"ImageObject","inLanguage":"en-US","@id":"https:\/\/owm-summit.de\/location\/#primaryimage","url":"https:\/\/owm-summit.de\/wp-content\/uploads\/sites\/36\/2024\/05\/OWMBAHNTICKET-300x70.png","contentUrl":"https:\/\/owm-summit.de\/wp-content\/uploads\/sites\/36\/2024\/05\/OWMBAHNTICKET-300x70.png"},{"@type":"BreadcrumbList","@id":"https:\/\/owm-summit.de\/location\/#breadcrumb","itemListElement":[{"@type":"ListItem","position":1,"name":"Home","item":"https:\/\/owm-summit.de\/"},{"@type":"ListItem","position":2,"name":"Location"}]},{"@type":"WebSite","@id":"https:\/\/owm-summit.de\/#website","url":"https:\/\/owm-summit.de\/","name":"OWM Summit","description":"OWM Summit 2025","publisher":{"@id":"https:\/\/owm-summit.de\/#organization"},"potentialAction":[{"@type":"SearchAction","target":{"@type":"EntryPoint","urlTemplate":"https:\/\/owm-summit.de\/?s={search_term_string}"},"query-input":{"@type":"PropertyValueSpecification","valueRequired":true,"valueName":"search_term_string"}}],"inLanguage":"en-US"},{"@type":"Organization","@id":"https:\/\/owm-summit.de\/#organization","name":"OWM Summit","url":"https:\/\/owm-summit.de\/","logo":{"@type":"ImageObject","inLanguage":"en-US","@id":"https:\/\/owm-summit.de\/#\/schema\/logo\/image\/","url":"https:\/\/owm-summit.de\/wp-content\/uploads\/sites\/36\/2020\/02\/owm-logo-black.svg","contentUrl":"https:\/\/owm-summit.de\/wp-content\/uploads\/sites\/36\/2020\/02\/owm-logo-black.svg","width":250,"height":100,"caption":"OWM Summit"},"image":{"@id":"https:\/\/owm-summit.de\/#\/schema\/logo\/image\/"}}]}},"_links":{"self":[{"href":"https:\/\/owm-summit.de\/en\/wp-json\/wp\/v2\/pages\/30903","targetHints":{"allow":["GET"]}}],"collection":[{"href":"https:\/\/owm-summit.de\/en\/wp-json\/wp\/v2\/pages"}],"about":[{"href":"https:\/\/owm-summit.de\/en\/wp-json\/wp\/v2\/types\/page"}],"author":[{"embeddable":true,"href":"https:\/\/owm-summit.de\/en\/wp-json\/wp\/v2\/users\/23"}],"replies":[{"embeddable":true,"href":"https:\/\/owm-summit.de\/en\/wp-json\/wp\/v2\/comments?post=30903"}],"version-history":[{"count":233,"href":"https:\/\/owm-summit.de\/en\/wp-json\/wp\/v2\/pages\/30903\/revisions"}],"predecessor-version":[{"id":34823,"href":"https:\/\/owm-summit.de\/en\/wp-json\/wp\/v2\/pages\/30903\/revisions\/34823"}],"wp:attachment":[{"href":"https:\/\/owm-summit.de\/en\/wp-json\/wp\/v2\/media?parent=30903"}],"wp:term":[{"taxonomy":"category","embeddable":true,"href":"https:\/\/owm-summit.de\/en\/wp-json\/wp\/v2\/categories?post=30903"},{"taxonomy":"post_tag","embeddable":true,"href":"https:\/\/owm-summit.de\/en\/wp-json\/wp\/v2\/tags?post=30903"}],"curies":[{"name":"wp","href":"https:\/\/api.w.org\/{rel}","templated":true}]}}