{"id":28093,"date":"2021-10-27T16:05:00","date_gmt":"2021-10-27T14:05:42","guid":{"rendered":"https:\/\/owm-summit.de\/startseite-2\/"},"modified":"2026-01-28T10:06:58","modified_gmt":"2026-01-28T09:06:58","slug":"startseite","status":"publish","type":"page","link":"https:\/\/owm-summit.de\/en\/","title":{"rendered":"Willkommen"},"content":{"rendered":"<div data-elementor-type=\"wp-page\" data-elementor-id=\"28093\" class=\"elementor elementor-28093\" data-elementor-post-type=\"page\">\n\t\t\t\t\t\t<section class=\"elementor-section elementor-top-section elementor-element elementor-element-64e8d65 elementor-section-boxed elementor-section-height-default elementor-section-height-default\" data-id=\"64e8d65\" data-element_type=\"section\" id=\"willkommen\">\n\t\t\t\t\t\t<div class=\"elementor-container elementor-column-gap-default\">\n\t\t\t\t\t<div class=\"elementor-column elementor-col-100 elementor-top-column elementor-element elementor-element-41aa260\" data-id=\"41aa260\" data-element_type=\"column\">\n\t\t\t<div class=\"elementor-widget-wrap elementor-element-populated\">\n\t\t\t\t\t\t<div class=\"elementor-element elementor-element-5ce0f2c elementor-widget elementor-widget-video\" data-id=\"5ce0f2c\" data-element_type=\"widget\" data-settings=\"{&quot;video_type&quot;:&quot;vimeo&quot;}\" data-widget_type=\"video.default\">\n\t\t\t\t<div class=\"elementor-widget-container\">\n\t\t\t<div class=\"cc_cookie_untouch\">\t\t\t<div class=\"video_wrapper\" style=\"background-image: url(); height:auto; aspect-ratio:16\/9;\">\n\t\t\t\t<div class=\"video_trigger\" data-source=\"\" style=\" height:auto;\">\n\t\t\t\t\t\t\t\t\t<i aria-label=\"hidden\" class=\"fa fas fa-frown\"><\/i>\n                \t\t\t\t\t<p class=\"text-center\">\n\t\t\t\t\t\tBy using this element, you agree that your data will be transmitted to external services (https:\/\/vimeo.com\/) and that you have read our <a href=\"https:\/\/owm-summit.de\/en\/datenschutz\/\" target=\"_blank\" title=\"privacy policy\">privacy policy<\/a>.\t\t\t\t\t<\/p>\n\t\t\t\t\t<input type=\"button\" class=\"btn elementor-button elementor-size-sm\" value=\"Accept\">\n\t\t\t\t<\/div>\n\t\t\t\t<div class=\"video_layer\">\n\t\t\t\t<span id=\"5ce0f2c\"><\/span>\t\t<div class=\"elementor-wrapper elementor-open-inline\">\n\t\t\t<iframe class=\"elementor-video-iframe\" allowfullscreen allow=\"clipboard-write\" title=\"vimeo Video Player\" src=\"https:\/\/player.vimeo.com\/video\/1158772989?color&amp;autopause=0&amp;loop=0&amp;muted=0&amp;title=0&amp;portrait=0&amp;byline=0#t=\"><\/iframe>\t\t<\/div>\n\t\t\t\t\t\t\t<!--<iframe width=\"100%\" height=\"100%\" frameborder=\"0\" allow=\"accelerometer; autoplay; encrypted-media; gyroscope; picture-in-picture\" allowfullscreen=\"\" style=\"width:100%; height:auto; aspect-ratio:16\/9;\" data-src=\"https:\/\/vimeo.com\/1158772989?fl=pl&amp;fe=sh?autoplay=&amp;loop=&amp;rel=&amp;showinfo=\">\n\t\t\t\t\t<\/iframe>-->\n\t\t\t\t<\/div>\n\t\t\t<\/div>\n\t\t\t<\/div>\t\t<\/div>\n\t\t\t\t<\/div>\n\t\t\t\t\t<\/div>\n\t\t<\/div>\n\t\t\t\t\t<\/div>\n\t\t<\/section>\n\t\t\t\t<section class=\"elementor-section elementor-top-section elementor-element elementor-element-519fc53 elementor-section-height-min-height elementor-section-boxed elementor-section-height-default elementor-section-items-middle\" data-id=\"519fc53\" data-element_type=\"section\">\n\t\t\t\t\t\t<div class=\"elementor-container elementor-column-gap-default\">\n\t\t\t\t\t<div class=\"elementor-column elementor-col-100 elementor-top-column elementor-element elementor-element-518a730\" data-id=\"518a730\" data-element_type=\"column\">\n\t\t\t<div class=\"elementor-widget-wrap elementor-element-populated\">\n\t\t\t\t\t\t<div class=\"elementor-element elementor-element-dd90ccf elementor-invisible elementor-widget elementor-widget-image\" data-id=\"dd90ccf\" data-element_type=\"widget\" data-settings=\"{&quot;_animation&quot;:&quot;fadeIn&quot;}\" data-widget_type=\"image.default\">\n\t\t\t\t<div class=\"elementor-widget-container\">\n\t\t\t<span id=\"dd90ccf\"><\/span>\t\t\t\t\t\t\t\t\t\t<img fetchpriority=\"high\" decoding=\"async\" width=\"1080\" height=\"1080\" src=\"https:\/\/owm-summit.de\/wp-content\/uploads\/sites\/36\/2025\/11\/Visual_800x800.png\" class=\"attachment-full size-full wp-image-35661\" alt=\"\" srcset=\"https:\/\/owm-summit.de\/wp-content\/uploads\/sites\/36\/2025\/11\/Visual_800x800.png 1080w, https:\/\/owm-summit.de\/wp-content\/uploads\/sites\/36\/2025\/11\/Visual_800x800-300x300.png 300w, https:\/\/owm-summit.de\/wp-content\/uploads\/sites\/36\/2025\/11\/Visual_800x800-1024x1024.png 1024w, https:\/\/owm-summit.de\/wp-content\/uploads\/sites\/36\/2025\/11\/Visual_800x800-150x150.png 150w, https:\/\/owm-summit.de\/wp-content\/uploads\/sites\/36\/2025\/11\/Visual_800x800-768x768.png 768w, https:\/\/owm-summit.de\/wp-content\/uploads\/sites\/36\/2025\/11\/Visual_800x800-12x12.png 12w, https:\/\/owm-summit.de\/wp-content\/uploads\/sites\/36\/2025\/11\/Visual_800x800-50x50.png 50w, https:\/\/owm-summit.de\/wp-content\/uploads\/sites\/36\/2025\/11\/Visual_800x800-36x36.png 36w, https:\/\/owm-summit.de\/wp-content\/uploads\/sites\/36\/2025\/11\/Visual_800x800-48x48.png 48w\" sizes=\"(max-width: 1080px) 100vw, 1080px\" \/>\t\t\t\t\t\t\t\t\t\t\t\t\t<\/div>\n\t\t\t\t<\/div>\n\t\t\t\t<div class=\"elementor-element elementor-element-b157847 elementor-widget__width-initial elementor-absolute elementor-hidden-tablet elementor-hidden-mobile elementor-view-default elementor-widget elementor-widget-icon\" data-id=\"b157847\" data-element_type=\"widget\" data-settings=\"{&quot;_position&quot;:&quot;absolute&quot;}\" data-widget_type=\"icon.default\">\n\t\t\t\t<div class=\"elementor-widget-container\">\n\t\t\t<span id=\"b157847\"><\/span>\t\t<div class=\"elementor-icon-wrapper\">\n\t\t\t<a class=\"elementor-icon elementor-animation-grow\" href=\"#willkommen\">\n\t\t\t<i aria-hidden=\"true\" class=\"fas fa-arrow-down\"><\/i>\t\t\t<\/a>\n\t\t<\/div>\n\t\t\t\t<\/div>\n\t\t\t\t<\/div>\n\t\t\t\t\t<\/div>\n\t\t<\/div>\n\t\t\t\t\t<\/div>\n\t\t<\/section>\n\t\t\t\t<section class=\"elementor-section elementor-top-section elementor-element elementor-element-dffc444 elementor-section-boxed elementor-section-height-default elementor-section-height-default\" data-id=\"dffc444\" data-element_type=\"section\">\n\t\t\t\t\t\t<div class=\"elementor-container elementor-column-gap-default\">\n\t\t\t\t\t<div class=\"elementor-column elementor-col-100 elementor-top-column elementor-element elementor-element-bac9dc7\" data-id=\"bac9dc7\" data-element_type=\"column\">\n\t\t\t<div class=\"elementor-widget-wrap elementor-element-populated\">\n\t\t\t\t\t\t<div class=\"elementor-element elementor-element-be5fb34 elementor-widget__width-initial elementor-widget-tablet__width-inherit elementor-widget elementor-widget-text-editor\" data-id=\"be5fb34\" data-element_type=\"widget\" data-widget_type=\"text-editor.default\">\n\t\t\t\t<div class=\"elementor-widget-container\">\n\t\t\t<span id=\"be5fb34\"><\/span>\t\t\t\t<div dir=\"ltr\"><div><div><h1 data-start=\"197\" data-end=\"280\">OWM Summit 2025 \u2013 Danke f\u00fcr zwei inspirierende Tage voller Zukunftsenergie!<\/h1><\/div><\/div><\/div>\t\t\t\t\t\t<\/div>\n\t\t\t\t<\/div>\n\t\t\t\t<div class=\"elementor-element elementor-element-4680347 elementor-widget__width-initial elementor-widget-tablet__width-inherit elementor-widget-mobile__width-inherit elementor-widget elementor-widget-text-editor\" data-id=\"4680347\" data-element_type=\"widget\" data-widget_type=\"text-editor.default\">\n\t\t\t\t<div class=\"elementor-widget-container\">\n\t\t\t<span id=\"4680347\"><\/span>\t\t\t\t<div dir=\"ltr\"><div><div><p data-start=\"282\" data-end=\"638\">Was f\u00fcr ein Summit!<\/p><\/div><\/div><\/div><div dir=\"ltr\"><div><div><p data-start=\"282\" data-end=\"638\">\u00dcber 500 Teilnehmer:innen, inspirierende Keynotes, kontroverse Panels und viele Begegnungen, die gezeigt haben, wie lebendig und engagiert unsere Branche ist. Ein herzliches\u00a0<strong data-start=\"480\" data-end=\"494\">Dankesch\u00f6n<\/strong>\u00a0an alle Speaker, Partner und G\u00e4ste, die den\u00a0<strong data-start=\"551\" data-end=\"587\">OWM Summit 2025 \u2013 Future Ready?!<\/strong>\u00a0zu einem unvergesslichen Erlebnis gemacht haben.<\/p><p data-start=\"640\" data-end=\"752\"><strong data-start=\"643\" data-end=\"671\">Alle Fotos und Eindr\u00fccke<\/strong> findet ihr ab sofort in unserer <a href=\"https:\/\/owm-summit.de\/en\/fotos\/\"><strong>Bildergalerie<\/strong><\/a><strong>\u00a0<\/strong>\u2013 erlebt die besten Momente noch einmal!<\/p><p data-start=\"754\" data-end=\"1004\">Wer weiterhin auf dem Laufenden bleiben m\u00f6chte: Auf unserem LinkedIn-Channel \u00a0teilen wir spannende R\u00fcckblicke, Stimmen und Highlights.<br \/><a href=\"https:\/\/www.linkedin.com\/company\/owm-organisation-werbungtreibende-im-markenverband\/\" target=\"_blank\" rel=\"noopener\">www.linkedin.com\/company\/owm-organisation-werbungtreibende-im-markenverband<\/a><\/p><p data-start=\"754\" data-end=\"1004\">Und das n\u00e4chste Kapitel steht schon fest: Der <strong data-start=\"1057\" data-end=\"1076\">OWM Summit 2026<\/strong>\u00a0findet am\u00a0<strong data-start=\"1087\" data-end=\"1112\">3. &amp; 4. November 2026<\/strong>\u00a0statt. <br \/>Wir freuen uns schon jetzt auf das Wiedersehen!<\/p><\/div><\/div><\/div>\t\t\t\t\t\t<\/div>\n\t\t\t\t<\/div>\n\t\t\t\t\t<\/div>\n\t\t<\/div>\n\t\t\t\t\t<\/div>\n\t\t<\/section>\n\t\t\t\t<\/div>","protected":false},"excerpt":{"rendered":"<p>OWM Summit 2025 \u2013 Danke f\u00fcr zwei inspirierende Tage voller Zukunftsenergie! Was f\u00fcr ein Summit! \u00dcber 500 Teilnehmer:innen, inspirierende Keynotes, kontroverse Panels und viele Begegnungen, die gezeigt haben, wie lebendig [&hellip;]<\/p>","protected":false},"author":143,"featured_media":0,"parent":0,"menu_order":18,"comment_status":"closed","ping_status":"closed","template":"elementor_header_footer","meta":{"_acf_changed":false,"inline_featured_image":false,"footnotes":""},"categories":[],"tags":[],"class_list":["post-28093","page","type-page","status-publish","hentry"],"acf":[],"yoast_head":"<!-- This site is optimized with the Yoast SEO plugin v24.2 - https:\/\/yoast.com\/wordpress\/plugins\/seo\/ -->\n<title>Willkommen - OWM Summit<\/title>\n<meta name=\"robots\" content=\"index, follow, max-snippet:-1, max-image-preview:large, max-video-preview:-1\" \/>\n<link rel=\"canonical\" href=\"https:\/\/owm-summit.de\/en\/\" \/>\n<meta property=\"og:locale\" content=\"en_US\" \/>\n<meta property=\"og:type\" content=\"article\" \/>\n<meta property=\"og:title\" content=\"Willkommen - OWM Summit\" \/>\n<meta property=\"og:description\" content=\"OWM Summit 2025 \u2013 Danke f\u00fcr zwei inspirierende Tage voller Zukunftsenergie! Was f\u00fcr ein Summit! \u00dcber 500 Teilnehmer:innen, inspirierende Keynotes, kontroverse Panels und viele Begegnungen, die gezeigt haben, wie lebendig [&hellip;]\" \/>\n<meta property=\"og:url\" content=\"https:\/\/owm-summit.de\/en\/\" \/>\n<meta property=\"og:site_name\" content=\"OWM Summit\" \/>\n<meta property=\"article:modified_time\" content=\"2026-01-28T09:06:58+00:00\" \/>\n<meta property=\"og:image\" content=\"https:\/\/owm-summit.de\/wp-content\/uploads\/sites\/36\/2025\/11\/Visual_800x800.png\" \/>\n\t<meta property=\"og:image:width\" content=\"1080\" \/>\n\t<meta property=\"og:image:height\" content=\"1080\" \/>\n\t<meta property=\"og:image:type\" content=\"image\/png\" \/>\n<meta name=\"twitter:card\" content=\"summary_large_image\" \/>\n<meta name=\"twitter:label1\" content=\"Est. reading time\" \/>\n\t<meta name=\"twitter:data1\" content=\"1 minute\" \/>\n<script type=\"application\/ld+json\" class=\"yoast-schema-graph\">{\"@context\":\"https:\/\/schema.org\",\"@graph\":[{\"@type\":\"WebPage\",\"@id\":\"https:\/\/owm-summit.de\/\",\"url\":\"https:\/\/owm-summit.de\/\",\"name\":\"Willkommen - OWM Summit\",\"isPartOf\":{\"@id\":\"https:\/\/owm-summit.de\/#website\"},\"primaryImageOfPage\":{\"@id\":\"https:\/\/owm-summit.de\/#primaryimage\"},\"image\":{\"@id\":\"https:\/\/owm-summit.de\/#primaryimage\"},\"thumbnailUrl\":\"https:\/\/owm-summit.de\/wp-content\/uploads\/sites\/36\/2025\/11\/Visual_800x800.png\",\"datePublished\":\"2021-10-27T14:05:42+00:00\",\"dateModified\":\"2026-01-28T09:06:58+00:00\",\"breadcrumb\":{\"@id\":\"https:\/\/owm-summit.de\/#breadcrumb\"},\"inLanguage\":\"en-US\",\"potentialAction\":[{\"@type\":\"ReadAction\",\"target\":[\"https:\/\/owm-summit.de\/\"]}]},{\"@type\":\"ImageObject\",\"inLanguage\":\"en-US\",\"@id\":\"https:\/\/owm-summit.de\/#primaryimage\",\"url\":\"https:\/\/owm-summit.de\/wp-content\/uploads\/sites\/36\/2025\/11\/Visual_800x800.png\",\"contentUrl\":\"https:\/\/owm-summit.de\/wp-content\/uploads\/sites\/36\/2025\/11\/Visual_800x800.png\"},{\"@type\":\"BreadcrumbList\",\"@id\":\"https:\/\/owm-summit.de\/#breadcrumb\",\"itemListElement\":[{\"@type\":\"ListItem\",\"position\":1,\"name\":\"Home\",\"item\":\"https:\/\/owm-summit.de\/\"},{\"@type\":\"ListItem\",\"position\":2,\"name\":\"Willkommen\"}]},{\"@type\":\"WebSite\",\"@id\":\"https:\/\/owm-summit.de\/#website\",\"url\":\"https:\/\/owm-summit.de\/\",\"name\":\"OWM Summit\",\"description\":\"OWM Summit 2025\",\"publisher\":{\"@id\":\"https:\/\/owm-summit.de\/#organization\"},\"potentialAction\":[{\"@type\":\"SearchAction\",\"target\":{\"@type\":\"EntryPoint\",\"urlTemplate\":\"https:\/\/owm-summit.de\/?s={search_term_string}\"},\"query-input\":{\"@type\":\"PropertyValueSpecification\",\"valueRequired\":true,\"valueName\":\"search_term_string\"}}],\"inLanguage\":\"en-US\"},{\"@type\":\"Organization\",\"@id\":\"https:\/\/owm-summit.de\/#organization\",\"name\":\"OWM Summit\",\"url\":\"https:\/\/owm-summit.de\/\",\"logo\":{\"@type\":\"ImageObject\",\"inLanguage\":\"en-US\",\"@id\":\"https:\/\/owm-summit.de\/#\/schema\/logo\/image\/\",\"url\":\"https:\/\/owm-summit.de\/wp-content\/uploads\/sites\/36\/2020\/02\/owm-logo-black.svg\",\"contentUrl\":\"https:\/\/owm-summit.de\/wp-content\/uploads\/sites\/36\/2020\/02\/owm-logo-black.svg\",\"width\":250,\"height\":100,\"caption\":\"OWM Summit\"},\"image\":{\"@id\":\"https:\/\/owm-summit.de\/#\/schema\/logo\/image\/\"}}]}<\/script>\n<!-- \/ Yoast SEO plugin. -->","yoast_head_json":{"title":"Willkommen - OWM Summit","robots":{"index":"index","follow":"follow","max-snippet":"max-snippet:-1","max-image-preview":"max-image-preview:large","max-video-preview":"max-video-preview:-1"},"canonical":"https:\/\/owm-summit.de\/en\/","og_locale":"en_US","og_type":"article","og_title":"Willkommen - OWM Summit","og_description":"OWM Summit 2025 \u2013 Danke f\u00fcr zwei inspirierende Tage voller Zukunftsenergie! Was f\u00fcr ein Summit! \u00dcber 500 Teilnehmer:innen, inspirierende Keynotes, kontroverse Panels und viele Begegnungen, die gezeigt haben, wie lebendig [&hellip;]","og_url":"https:\/\/owm-summit.de\/en\/","og_site_name":"OWM Summit","article_modified_time":"2026-01-28T09:06:58+00:00","og_image":[{"width":1080,"height":1080,"url":"https:\/\/owm-summit.de\/wp-content\/uploads\/sites\/36\/2025\/11\/Visual_800x800.png","type":"image\/png"}],"twitter_card":"summary_large_image","twitter_misc":{"Est. reading time":"1 minute"},"schema":{"@context":"https:\/\/schema.org","@graph":[{"@type":"WebPage","@id":"https:\/\/owm-summit.de\/","url":"https:\/\/owm-summit.de\/","name":"Willkommen - OWM Summit","isPartOf":{"@id":"https:\/\/owm-summit.de\/#website"},"primaryImageOfPage":{"@id":"https:\/\/owm-summit.de\/#primaryimage"},"image":{"@id":"https:\/\/owm-summit.de\/#primaryimage"},"thumbnailUrl":"https:\/\/owm-summit.de\/wp-content\/uploads\/sites\/36\/2025\/11\/Visual_800x800.png","datePublished":"2021-10-27T14:05:42+00:00","dateModified":"2026-01-28T09:06:58+00:00","breadcrumb":{"@id":"https:\/\/owm-summit.de\/#breadcrumb"},"inLanguage":"en-US","potentialAction":[{"@type":"ReadAction","target":["https:\/\/owm-summit.de\/"]}]},{"@type":"ImageObject","inLanguage":"en-US","@id":"https:\/\/owm-summit.de\/#primaryimage","url":"https:\/\/owm-summit.de\/wp-content\/uploads\/sites\/36\/2025\/11\/Visual_800x800.png","contentUrl":"https:\/\/owm-summit.de\/wp-content\/uploads\/sites\/36\/2025\/11\/Visual_800x800.png"},{"@type":"BreadcrumbList","@id":"https:\/\/owm-summit.de\/#breadcrumb","itemListElement":[{"@type":"ListItem","position":1,"name":"Home","item":"https:\/\/owm-summit.de\/"},{"@type":"ListItem","position":2,"name":"Willkommen"}]},{"@type":"WebSite","@id":"https:\/\/owm-summit.de\/#website","url":"https:\/\/owm-summit.de\/","name":"OWM Summit","description":"OWM Summit 2025","publisher":{"@id":"https:\/\/owm-summit.de\/#organization"},"potentialAction":[{"@type":"SearchAction","target":{"@type":"EntryPoint","urlTemplate":"https:\/\/owm-summit.de\/?s={search_term_string}"},"query-input":{"@type":"PropertyValueSpecification","valueRequired":true,"valueName":"search_term_string"}}],"inLanguage":"en-US"},{"@type":"Organization","@id":"https:\/\/owm-summit.de\/#organization","name":"OWM Summit","url":"https:\/\/owm-summit.de\/","logo":{"@type":"ImageObject","inLanguage":"en-US","@id":"https:\/\/owm-summit.de\/#\/schema\/logo\/image\/","url":"https:\/\/owm-summit.de\/wp-content\/uploads\/sites\/36\/2020\/02\/owm-logo-black.svg","contentUrl":"https:\/\/owm-summit.de\/wp-content\/uploads\/sites\/36\/2020\/02\/owm-logo-black.svg","width":250,"height":100,"caption":"OWM Summit"},"image":{"@id":"https:\/\/owm-summit.de\/#\/schema\/logo\/image\/"}}]}},"_links":{"self":[{"href":"https:\/\/owm-summit.de\/en\/wp-json\/wp\/v2\/pages\/28093","targetHints":{"allow":["GET"]}}],"collection":[{"href":"https:\/\/owm-summit.de\/en\/wp-json\/wp\/v2\/pages"}],"about":[{"href":"https:\/\/owm-summit.de\/en\/wp-json\/wp\/v2\/types\/page"}],"author":[{"embeddable":true,"href":"https:\/\/owm-summit.de\/en\/wp-json\/wp\/v2\/users\/143"}],"replies":[{"embeddable":true,"href":"https:\/\/owm-summit.de\/en\/wp-json\/wp\/v2\/comments?post=28093"}],"version-history":[{"count":891,"href":"https:\/\/owm-summit.de\/en\/wp-json\/wp\/v2\/pages\/28093\/revisions"}],"predecessor-version":[{"id":35702,"href":"https:\/\/owm-summit.de\/en\/wp-json\/wp\/v2\/pages\/28093\/revisions\/35702"}],"wp:attachment":[{"href":"https:\/\/owm-summit.de\/en\/wp-json\/wp\/v2\/media?parent=28093"}],"wp:term":[{"taxonomy":"category","embeddable":true,"href":"https:\/\/owm-summit.de\/en\/wp-json\/wp\/v2\/categories?post=28093"},{"taxonomy":"post_tag","embeddable":true,"href":"https:\/\/owm-summit.de\/en\/wp-json\/wp\/v2\/tags?post=28093"}],"curies":[{"name":"wp","href":"https:\/\/api.w.org\/{rel}","templated":true}]}}