{"id":24686,"date":"2021-02-04T21:57:00","date_gmt":"2021-02-04T20:57:15","guid":{"rendered":"https:\/\/demo.hellostream.live\/bka\/?page_id=24686"},"modified":"2024-10-14T19:27:22","modified_gmt":"2024-10-14T17:27:22","slug":"programmteaser","status":"publish","type":"page","link":"https:\/\/owm-summit.de\/en\/programmteaser\/","title":{"rendered":"Programmteaser"},"content":{"rendered":"<div data-elementor-type=\"wp-page\" data-elementor-id=\"24686\" class=\"elementor elementor-24686\" data-elementor-post-type=\"page\">\n\t\t\t\t\t\t<section class=\"elementor-section elementor-top-section elementor-element elementor-element-f444ade elementor-section-boxed elementor-section-height-default elementor-section-height-default\" data-id=\"f444ade\" data-element_type=\"section\">\n\t\t\t\t\t\t<div class=\"elementor-container elementor-column-gap-default\">\n\t\t\t\t\t<div class=\"elementor-column elementor-col-100 elementor-top-column elementor-element elementor-element-acf9d75\" data-id=\"acf9d75\" data-element_type=\"column\">\n\t\t\t<div class=\"elementor-widget-wrap elementor-element-populated\">\n\t\t\t\t\t\t<div class=\"elementor-element elementor-element-eff57ea elementor-widget__width-initial elementor-widget-tablet__width-inherit elementor-widget elementor-widget-text-editor\" data-id=\"eff57ea\" data-element_type=\"widget\" data-widget_type=\"text-editor.default\">\n\t\t\t\t<div class=\"elementor-widget-container\">\n\t\t\t<span id=\"eff57ea\"><\/span>\t\t\t\t<p><strong>Programm 2024<\/strong><\/p>\t\t\t\t\t\t<\/div>\n\t\t\t\t<\/div>\n\t\t\t\t<div class=\"elementor-element elementor-element-e45b796 elementor-widget-divider--view-line elementor-widget elementor-widget-divider\" data-id=\"e45b796\" data-element_type=\"widget\" data-widget_type=\"divider.default\">\n\t\t\t\t<div class=\"elementor-widget-container\">\n\t\t\t<span id=\"e45b796\"><\/span>\t\t<div class=\"elementor-divider\">\n\t\t\t<span class=\"elementor-divider-separator\">\n\t\t\t\t\t\t<\/span>\n\t\t<\/div>\n\t\t\t\t<\/div>\n\t\t\t\t<\/div>\n\t\t\t\t<div class=\"elementor-element elementor-element-5a8c14e elementor-widget elementor-widget-text-editor\" data-id=\"5a8c14e\" data-element_type=\"widget\" data-widget_type=\"text-editor.default\">\n\t\t\t\t<div class=\"elementor-widget-container\">\n\t\t\t<span id=\"5a8c14e\"><\/span>\t\t\t\t<p>Die kommenden Jahre versprechen f\u00fcr das Marketing eine \u00c4ra des Wandels und zahlreiche M\u00f6glichkeiten, sich den ver\u00e4ndernden Bed\u00fcrfnissen von Konsumenten und Unternehmen anzupassen. Das ist auf der einen Seite spannend, auf der anderen Seite stehen Marketer vor immer komplexeren Herausforderungen &#8211; von der Integration neuer Technologien bis hin zur \u00dcbernahme gesellschaftlicher Verantwortung.<\/p><p>Unser diesj\u00e4hriges Motto greift genau dieses Thema auf:<\/p>\t\t\t\t\t\t<\/div>\n\t\t\t\t<\/div>\n\t\t\t\t<div class=\"elementor-element elementor-element-eca4703 elementor-widget__width-initial elementor-widget-tablet__width-inherit elementor-widget elementor-widget-text-editor\" data-id=\"eca4703\" data-element_type=\"widget\" data-widget_type=\"text-editor.default\">\n\t\t\t\t<div class=\"elementor-widget-container\">\n\t\t\t<span id=\"eca4703\"><\/span>\t\t\t\t<p><strong style=\"color: var( --e-global-color-text )\">Zwischen Technologie und gesellschaftlicher Verantwortung\u00a0<br \/><\/strong><strong style=\"color: var( --e-global-color-text )\">All at once: Was macht erfolgreiches Marketing wirklich aus?<\/strong><\/p>\t\t\t\t\t\t<\/div>\n\t\t\t\t<\/div>\n\t\t\t\t<div class=\"elementor-element elementor-element-ddb028d elementor-widget elementor-widget-spacer\" data-id=\"ddb028d\" data-element_type=\"widget\" data-widget_type=\"spacer.default\">\n\t\t\t\t<div class=\"elementor-widget-container\">\n\t\t\t<span id=\"ddb028d\"><\/span>\t\t<div class=\"elementor-spacer\">\n\t\t\t<div class=\"elementor-spacer-inner\"><\/div>\n\t\t<\/div>\n\t\t\t\t<\/div>\n\t\t\t\t<\/div>\n\t\t\t\t<div class=\"elementor-element elementor-element-ad1b0d3 elementor-widget__width-initial elementor-widget-tablet__width-inherit elementor-widget elementor-widget-text-editor\" data-id=\"ad1b0d3\" data-element_type=\"widget\" data-widget_type=\"text-editor.default\">\n\t\t\t\t<div class=\"elementor-widget-container\">\n\t\t\t<span id=\"ad1b0d3\"><\/span>\t\t\t\t<p><strong>Was erwartet Sie auf dem OWM Summit 2024?<\/strong><\/p>\t\t\t\t\t\t<\/div>\n\t\t\t\t<\/div>\n\t\t\t\t<div class=\"elementor-element elementor-element-7703020 elementor-widget elementor-widget-text-editor\" data-id=\"7703020\" data-element_type=\"widget\" data-widget_type=\"text-editor.default\">\n\t\t\t\t<div class=\"elementor-widget-container\">\n\t\t\t<span id=\"7703020\"><\/span>\t\t\t\t<p><strong>Information, Inspiration und Networking:<\/strong> Eine vielf\u00e4ltige Agenda mit spannenden, internationalen Keynotes, praxisnahen Research Cases und den neuen interaktiven Impuls und Panel Format. Unter der Moderation von Wolfram M. Kons endet der OWM Summit mit einem Highlight, auf dass Sie sich jetzt schon freuen k\u00f6nnen.<\/p><p>Am Vorabend des OWM Summit 2024 laden wir Sie herzlich zur <strong>Advertisers\u2018 Night<\/strong> ein, die ganz im Zeichen des Networking und Austausch mit Branchenkollegen steht.<\/p><p>\u00dcber Themen und Speakers, sowie die detaillierte Agenda informieren wir Sie in den kommenden Wochen. Folgen Sie uns auch gern auf <a href=\"https:\/\/www.linkedin.com\/company\/owm-organisation-werbungtreibende-im-markenverband\/\">LinkedIn<\/a> f\u00fcr weitere Informationen.<\/p><p>Wir freuen uns auf einen inspirierenden Tag, spannende Gespr\u00e4che und ganz besonders auf ein Wiedersehen mit Ihnen.\u202f<\/p><p><strong><a href=\"https:\/\/cas.markenverband.de\/EventOnline\/Event.aspx?contextId=C007D1BA13B1718F80DB41998432F1E2&amp;event=0xCFE745F2255E4165846DA36D1B329538\" target=\"_blank\" rel=\"noopener\">Jetzt anmelden<\/a>.<\/strong><\/p>\t\t\t\t\t\t<\/div>\n\t\t\t\t<\/div>\n\t\t\t\t\t<\/div>\n\t\t<\/div>\n\t\t\t\t\t<\/div>\n\t\t<\/section>\n\t\t\t\t<\/div>","protected":false},"excerpt":{"rendered":"<p>Programm 2024 Die kommenden Jahre versprechen f\u00fcr das Marketing eine \u00c4ra des Wandels und zahlreiche M\u00f6glichkeiten, sich den ver\u00e4ndernden Bed\u00fcrfnissen von Konsumenten und Unternehmen anzupassen. Das ist auf der einen [&hellip;]<\/p>","protected":false},"author":3,"featured_media":0,"parent":0,"menu_order":1,"comment_status":"closed","ping_status":"closed","template":"elementor_header_footer","meta":{"_acf_changed":false,"inline_featured_image":false,"footnotes":""},"categories":[],"tags":[],"class_list":["post-24686","page","type-page","status-publish","hentry"],"acf":[],"yoast_head":"<!-- This site is optimized with the Yoast SEO plugin v24.2 - https:\/\/yoast.com\/wordpress\/plugins\/seo\/ -->\n<title>Programmteaser - OWM Summit<\/title>\n<meta name=\"robots\" content=\"index, follow, max-snippet:-1, max-image-preview:large, max-video-preview:-1\" \/>\n<link rel=\"canonical\" href=\"https:\/\/owm-summit.de\/en\/programmteaser\/\" \/>\n<meta property=\"og:locale\" content=\"en_US\" \/>\n<meta property=\"og:type\" content=\"article\" \/>\n<meta property=\"og:title\" content=\"Programmteaser - OWM Summit\" \/>\n<meta property=\"og:description\" content=\"Programm 2024 Die kommenden Jahre versprechen f\u00fcr das Marketing eine \u00c4ra des Wandels und zahlreiche M\u00f6glichkeiten, sich den ver\u00e4ndernden Bed\u00fcrfnissen von Konsumenten und Unternehmen anzupassen. Das ist auf der einen [&hellip;]\" \/>\n<meta property=\"og:url\" content=\"https:\/\/owm-summit.de\/en\/programmteaser\/\" \/>\n<meta property=\"og:site_name\" content=\"OWM Summit\" \/>\n<meta property=\"article:modified_time\" content=\"2024-10-14T17:27:22+00:00\" \/>\n<meta name=\"twitter:card\" content=\"summary_large_image\" \/>\n<meta name=\"twitter:label1\" content=\"Est. reading time\" \/>\n\t<meta name=\"twitter:data1\" content=\"2 minutes\" \/>\n<script type=\"application\/ld+json\" class=\"yoast-schema-graph\">{\"@context\":\"https:\/\/schema.org\",\"@graph\":[{\"@type\":\"WebPage\",\"@id\":\"https:\/\/owm-summit.de\/programmteaser\/\",\"url\":\"https:\/\/owm-summit.de\/programmteaser\/\",\"name\":\"Programmteaser - OWM Summit\",\"isPartOf\":{\"@id\":\"https:\/\/owm-summit.de\/#website\"},\"datePublished\":\"2021-02-04T20:57:15+00:00\",\"dateModified\":\"2024-10-14T17:27:22+00:00\",\"breadcrumb\":{\"@id\":\"https:\/\/owm-summit.de\/programmteaser\/#breadcrumb\"},\"inLanguage\":\"en-US\",\"potentialAction\":[{\"@type\":\"ReadAction\",\"target\":[\"https:\/\/owm-summit.de\/programmteaser\/\"]}]},{\"@type\":\"BreadcrumbList\",\"@id\":\"https:\/\/owm-summit.de\/programmteaser\/#breadcrumb\",\"itemListElement\":[{\"@type\":\"ListItem\",\"position\":1,\"name\":\"Home\",\"item\":\"https:\/\/owm-summit.de\/\"},{\"@type\":\"ListItem\",\"position\":2,\"name\":\"Programmteaser\"}]},{\"@type\":\"WebSite\",\"@id\":\"https:\/\/owm-summit.de\/#website\",\"url\":\"https:\/\/owm-summit.de\/\",\"name\":\"OWM Summit\",\"description\":\"OWM Summit 2025\",\"publisher\":{\"@id\":\"https:\/\/owm-summit.de\/#organization\"},\"potentialAction\":[{\"@type\":\"SearchAction\",\"target\":{\"@type\":\"EntryPoint\",\"urlTemplate\":\"https:\/\/owm-summit.de\/?s={search_term_string}\"},\"query-input\":{\"@type\":\"PropertyValueSpecification\",\"valueRequired\":true,\"valueName\":\"search_term_string\"}}],\"inLanguage\":\"en-US\"},{\"@type\":\"Organization\",\"@id\":\"https:\/\/owm-summit.de\/#organization\",\"name\":\"OWM Summit\",\"url\":\"https:\/\/owm-summit.de\/\",\"logo\":{\"@type\":\"ImageObject\",\"inLanguage\":\"en-US\",\"@id\":\"https:\/\/owm-summit.de\/#\/schema\/logo\/image\/\",\"url\":\"https:\/\/owm-summit.de\/wp-content\/uploads\/sites\/36\/2020\/02\/owm-logo-black.svg\",\"contentUrl\":\"https:\/\/owm-summit.de\/wp-content\/uploads\/sites\/36\/2020\/02\/owm-logo-black.svg\",\"width\":250,\"height\":100,\"caption\":\"OWM Summit\"},\"image\":{\"@id\":\"https:\/\/owm-summit.de\/#\/schema\/logo\/image\/\"}}]}<\/script>\n<!-- \/ Yoast SEO plugin. -->","yoast_head_json":{"title":"Programmteaser - OWM Summit","robots":{"index":"index","follow":"follow","max-snippet":"max-snippet:-1","max-image-preview":"max-image-preview:large","max-video-preview":"max-video-preview:-1"},"canonical":"https:\/\/owm-summit.de\/en\/programmteaser\/","og_locale":"en_US","og_type":"article","og_title":"Programmteaser - OWM Summit","og_description":"Programm 2024 Die kommenden Jahre versprechen f\u00fcr das Marketing eine \u00c4ra des Wandels und zahlreiche M\u00f6glichkeiten, sich den ver\u00e4ndernden Bed\u00fcrfnissen von Konsumenten und Unternehmen anzupassen. Das ist auf der einen [&hellip;]","og_url":"https:\/\/owm-summit.de\/en\/programmteaser\/","og_site_name":"OWM Summit","article_modified_time":"2024-10-14T17:27:22+00:00","twitter_card":"summary_large_image","twitter_misc":{"Est. reading time":"2 minutes"},"schema":{"@context":"https:\/\/schema.org","@graph":[{"@type":"WebPage","@id":"https:\/\/owm-summit.de\/programmteaser\/","url":"https:\/\/owm-summit.de\/programmteaser\/","name":"Programmteaser - OWM Summit","isPartOf":{"@id":"https:\/\/owm-summit.de\/#website"},"datePublished":"2021-02-04T20:57:15+00:00","dateModified":"2024-10-14T17:27:22+00:00","breadcrumb":{"@id":"https:\/\/owm-summit.de\/programmteaser\/#breadcrumb"},"inLanguage":"en-US","potentialAction":[{"@type":"ReadAction","target":["https:\/\/owm-summit.de\/programmteaser\/"]}]},{"@type":"BreadcrumbList","@id":"https:\/\/owm-summit.de\/programmteaser\/#breadcrumb","itemListElement":[{"@type":"ListItem","position":1,"name":"Home","item":"https:\/\/owm-summit.de\/"},{"@type":"ListItem","position":2,"name":"Programmteaser"}]},{"@type":"WebSite","@id":"https:\/\/owm-summit.de\/#website","url":"https:\/\/owm-summit.de\/","name":"OWM Summit","description":"OWM Summit 2025","publisher":{"@id":"https:\/\/owm-summit.de\/#organization"},"potentialAction":[{"@type":"SearchAction","target":{"@type":"EntryPoint","urlTemplate":"https:\/\/owm-summit.de\/?s={search_term_string}"},"query-input":{"@type":"PropertyValueSpecification","valueRequired":true,"valueName":"search_term_string"}}],"inLanguage":"en-US"},{"@type":"Organization","@id":"https:\/\/owm-summit.de\/#organization","name":"OWM Summit","url":"https:\/\/owm-summit.de\/","logo":{"@type":"ImageObject","inLanguage":"en-US","@id":"https:\/\/owm-summit.de\/#\/schema\/logo\/image\/","url":"https:\/\/owm-summit.de\/wp-content\/uploads\/sites\/36\/2020\/02\/owm-logo-black.svg","contentUrl":"https:\/\/owm-summit.de\/wp-content\/uploads\/sites\/36\/2020\/02\/owm-logo-black.svg","width":250,"height":100,"caption":"OWM Summit"},"image":{"@id":"https:\/\/owm-summit.de\/#\/schema\/logo\/image\/"}}]}},"_links":{"self":[{"href":"https:\/\/owm-summit.de\/en\/wp-json\/wp\/v2\/pages\/24686","targetHints":{"allow":["GET"]}}],"collection":[{"href":"https:\/\/owm-summit.de\/en\/wp-json\/wp\/v2\/pages"}],"about":[{"href":"https:\/\/owm-summit.de\/en\/wp-json\/wp\/v2\/types\/page"}],"author":[{"embeddable":true,"href":"https:\/\/owm-summit.de\/en\/wp-json\/wp\/v2\/users\/3"}],"replies":[{"embeddable":true,"href":"https:\/\/owm-summit.de\/en\/wp-json\/wp\/v2\/comments?post=24686"}],"version-history":[{"count":579,"href":"https:\/\/owm-summit.de\/en\/wp-json\/wp\/v2\/pages\/24686\/revisions"}],"predecessor-version":[{"id":33819,"href":"https:\/\/owm-summit.de\/en\/wp-json\/wp\/v2\/pages\/24686\/revisions\/33819"}],"wp:attachment":[{"href":"https:\/\/owm-summit.de\/en\/wp-json\/wp\/v2\/media?parent=24686"}],"wp:term":[{"taxonomy":"category","embeddable":true,"href":"https:\/\/owm-summit.de\/en\/wp-json\/wp\/v2\/categories?post=24686"},{"taxonomy":"post_tag","embeddable":true,"href":"https:\/\/owm-summit.de\/en\/wp-json\/wp\/v2\/tags?post=24686"}],"curies":[{"name":"wp","href":"https:\/\/api.w.org\/{rel}","templated":true}]}}