{"id":17930,"date":"2019-11-22T12:47:00","date_gmt":"2019-11-22T11:47:50","guid":{"rendered":"https:\/\/gtm.livewelt.de\/?page_id=17930"},"modified":"2021-11-24T00:33:04","modified_gmt":"2021-11-23T23:33:04","slug":"hilfe","status":"publish","type":"page","link":"https:\/\/owm-summit.de\/en\/hilfe\/","title":{"rendered":"Hilfe"},"content":{"rendered":"<div data-elementor-type=\"wp-page\" data-elementor-id=\"17930\" class=\"elementor elementor-17930\" data-elementor-post-type=\"page\">\n\t\t\t\t\t\t<section class=\"elementor-section elementor-top-section elementor-element elementor-element-4a164e1d elementor-section-height-min-height elementor-section-content-middle elementor-section-boxed elementor-section-height-default elementor-section-items-middle\" data-id=\"4a164e1d\" data-element_type=\"section\" data-settings=\"{&quot;background_background&quot;:&quot;slideshow&quot;,&quot;background_slideshow_gallery&quot;:[{&quot;id&quot;:&quot;27890&quot;,&quot;url&quot;:&quot;https:\\\/\\\/owm-summit.de\\\/wp-content\\\/uploads\\\/sites\\\/36\\\/2021\\\/10\\\/OWM_HGblau.jpg&quot;}],&quot;background_slideshow_loop&quot;:&quot;yes&quot;,&quot;background_slideshow_slide_duration&quot;:5000,&quot;background_slideshow_slide_transition&quot;:&quot;fade&quot;,&quot;background_slideshow_transition_duration&quot;:500}\">\n\t\t\t\t\t\t<div class=\"elementor-container elementor-column-gap-default\">\n\t\t\t\t\t<div class=\"elementor-column elementor-col-100 elementor-top-column elementor-element elementor-element-38b28289 elementor-invisible\" data-id=\"38b28289\" data-element_type=\"column\" data-settings=\"{&quot;animation&quot;:&quot;fadeInRight&quot;,&quot;animation_delay&quot;:&quot;500&quot;,&quot;animation_mobile&quot;:&quot;none&quot;}\">\n\t\t\t<div class=\"elementor-widget-wrap elementor-element-populated\">\n\t\t\t\t\t\t<div class=\"elementor-element elementor-element-d5394e8 elementor-widget elementor-widget-heading\" data-id=\"d5394e8\" data-element_type=\"widget\" data-widget_type=\"heading.default\">\n\t\t\t\t<div class=\"elementor-widget-container\">\n\t\t\t<span id=\"d5394e8\"><\/span><h2 class=\"elementor-heading-title elementor-size-default\">Hilfe<\/h2>\t\t<\/div>\n\t\t\t\t<\/div>\n\t\t\t\t<div class=\"elementor-element elementor-element-0952924 elementor-widget elementor-widget-text-editor\" data-id=\"0952924\" data-element_type=\"widget\" data-widget_type=\"text-editor.default\">\n\t\t\t\t<div class=\"elementor-widget-container\">\n\t\t\t<span id=\"0952924\"><\/span>\t\t\t\t<p><strong>Sind<\/strong><strong>\u00a0<\/strong><strong>Sie<\/strong><strong>\u00a0<\/strong><strong>bereits angemeldet?<\/strong><\/p><p>Wenn ja, erhalten Sie am 23. November 2021 per E-Mail Ihre pers\u00f6nlichen Zugangsdaten zum Einloggen auf dieser Seite und k\u00f6nnen am 24. November 2021 um 09:00 Uhr OWM Summit teilnehmen.<\/p><p><strong>Sie sind auf der Suche nach der Programmvorschau?<\/strong><\/p><p>Zum Programm gelangen Sie \u00fcber den entsprechenden Button. Dort ist die Agenda auch als Download hinterlegt.<\/p><p><strong>Sie m\u00f6chten sich am Chat beteiligen?<\/strong><\/p><p>\u00dcber die Chatfunktion (gelbes Icon mit zwei Sprechblasen) k\u00f6nnen Sie entweder \u00f6ffentlich an alle Teilnehmer:innen schreiben oder eine Privatnachricht an ausgew\u00e4hlte Adressat:innen verfassen.<\/p><p><strong>Sie haben technische R\u00fcckfragen?<\/strong><\/p><p>Ihre technische Ausstattung k\u00f6nnen Sie problemlos mit unserem Systemcheck \u00fcberpr\u00fcfen.<\/p><p>F\u00fcr weitere R\u00fcckfragen kontaktieren Sie unseren\u00a0<a href=\"mailto:support@owm-summit.de\"><strong>Support<\/strong><\/a>.<\/p>\t\t\t\t\t\t<\/div>\n\t\t\t\t<\/div>\n\t\t\t\t<div class=\"elementor-element elementor-element-46f7af3 elementor-widget elementor-widget-button\" data-id=\"46f7af3\" data-element_type=\"widget\" data-widget_type=\"button.default\">\n\t\t\t\t<div class=\"elementor-widget-container\">\n\t\t\t<span id=\"46f7af3\"><\/span>\t\t<div class=\"elementor-button-wrapper\">\n\t\t\t<a class=\"elementor-button elementor-button-link elementor-size-sm\" href=\"https:\/\/owm-summit.de\/en\/\">\n\t\t\t\t\t\t<span class=\"elementor-button-content-wrapper\">\n\t\t\t\t\t\t\t\t\t<span class=\"elementor-button-text\">Zur\u00fcck<\/span>\n\t\t\t\t\t<\/span>\n\t\t\t\t\t<\/a>\n\t\t<\/div>\n\t\t\t\t<\/div>\n\t\t\t\t<\/div>\n\t\t\t\t\t<\/div>\n\t\t<\/div>\n\t\t\t\t\t<\/div>\n\t\t<\/section>\n\t\t\t\t<\/div>","protected":false},"excerpt":{"rendered":"<p>Hilfe Sind\u00a0Sie\u00a0bereits angemeldet? Wenn ja, erhalten Sie am 23. November 2021 per E-Mail Ihre pers\u00f6nlichen Zugangsdaten zum Einloggen auf dieser Seite und k\u00f6nnen am 24. November 2021 um 09:00 Uhr [&hellip;]<\/p>","protected":false},"author":17,"featured_media":0,"parent":0,"menu_order":22,"comment_status":"closed","ping_status":"closed","template":"","meta":{"_acf_changed":false,"inline_featured_image":false,"footnotes":""},"categories":[],"tags":[],"class_list":["post-17930","page","type-page","status-publish","hentry"],"acf":[],"yoast_head":"<!-- This site is optimized with the Yoast SEO plugin v24.2 - https:\/\/yoast.com\/wordpress\/plugins\/seo\/ -->\n<title>Hilfe - OWM Summit<\/title>\n<meta name=\"robots\" content=\"index, follow, max-snippet:-1, max-image-preview:large, max-video-preview:-1\" \/>\n<link rel=\"canonical\" href=\"https:\/\/owm-summit.de\/en\/hilfe\/\" \/>\n<meta property=\"og:locale\" content=\"en_US\" \/>\n<meta property=\"og:type\" content=\"article\" \/>\n<meta property=\"og:title\" content=\"Hilfe - OWM Summit\" \/>\n<meta property=\"og:description\" content=\"Hilfe Sind\u00a0Sie\u00a0bereits angemeldet? Wenn ja, erhalten Sie am 23. November 2021 per E-Mail Ihre pers\u00f6nlichen Zugangsdaten zum Einloggen auf dieser Seite und k\u00f6nnen am 24. November 2021 um 09:00 Uhr [&hellip;]\" \/>\n<meta property=\"og:url\" content=\"https:\/\/owm-summit.de\/en\/hilfe\/\" \/>\n<meta property=\"og:site_name\" content=\"OWM Summit\" \/>\n<meta property=\"article:modified_time\" content=\"2021-11-23T23:33:04+00:00\" \/>\n<meta name=\"twitter:card\" content=\"summary_large_image\" \/>\n<meta name=\"twitter:label1\" content=\"Est. reading time\" \/>\n\t<meta name=\"twitter:data1\" content=\"1 minute\" \/>\n<script type=\"application\/ld+json\" class=\"yoast-schema-graph\">{\"@context\":\"https:\/\/schema.org\",\"@graph\":[{\"@type\":\"WebPage\",\"@id\":\"https:\/\/owm-summit.de\/hilfe\/\",\"url\":\"https:\/\/owm-summit.de\/hilfe\/\",\"name\":\"Hilfe - OWM Summit\",\"isPartOf\":{\"@id\":\"https:\/\/owm-summit.de\/#website\"},\"datePublished\":\"2019-11-22T11:47:50+00:00\",\"dateModified\":\"2021-11-23T23:33:04+00:00\",\"breadcrumb\":{\"@id\":\"https:\/\/owm-summit.de\/hilfe\/#breadcrumb\"},\"inLanguage\":\"en-US\",\"potentialAction\":[{\"@type\":\"ReadAction\",\"target\":[\"https:\/\/owm-summit.de\/hilfe\/\"]}]},{\"@type\":\"BreadcrumbList\",\"@id\":\"https:\/\/owm-summit.de\/hilfe\/#breadcrumb\",\"itemListElement\":[{\"@type\":\"ListItem\",\"position\":1,\"name\":\"Home\",\"item\":\"https:\/\/owm-summit.de\/\"},{\"@type\":\"ListItem\",\"position\":2,\"name\":\"Hilfe\"}]},{\"@type\":\"WebSite\",\"@id\":\"https:\/\/owm-summit.de\/#website\",\"url\":\"https:\/\/owm-summit.de\/\",\"name\":\"OWM Summit\",\"description\":\"OWM Summit 2025\",\"publisher\":{\"@id\":\"https:\/\/owm-summit.de\/#organization\"},\"potentialAction\":[{\"@type\":\"SearchAction\",\"target\":{\"@type\":\"EntryPoint\",\"urlTemplate\":\"https:\/\/owm-summit.de\/?s={search_term_string}\"},\"query-input\":{\"@type\":\"PropertyValueSpecification\",\"valueRequired\":true,\"valueName\":\"search_term_string\"}}],\"inLanguage\":\"en-US\"},{\"@type\":\"Organization\",\"@id\":\"https:\/\/owm-summit.de\/#organization\",\"name\":\"OWM Summit\",\"url\":\"https:\/\/owm-summit.de\/\",\"logo\":{\"@type\":\"ImageObject\",\"inLanguage\":\"en-US\",\"@id\":\"https:\/\/owm-summit.de\/#\/schema\/logo\/image\/\",\"url\":\"https:\/\/owm-summit.de\/wp-content\/uploads\/sites\/36\/2020\/02\/owm-logo-black.svg\",\"contentUrl\":\"https:\/\/owm-summit.de\/wp-content\/uploads\/sites\/36\/2020\/02\/owm-logo-black.svg\",\"width\":250,\"height\":100,\"caption\":\"OWM Summit\"},\"image\":{\"@id\":\"https:\/\/owm-summit.de\/#\/schema\/logo\/image\/\"}}]}<\/script>\n<!-- \/ Yoast SEO plugin. -->","yoast_head_json":{"title":"Hilfe - OWM Summit","robots":{"index":"index","follow":"follow","max-snippet":"max-snippet:-1","max-image-preview":"max-image-preview:large","max-video-preview":"max-video-preview:-1"},"canonical":"https:\/\/owm-summit.de\/en\/hilfe\/","og_locale":"en_US","og_type":"article","og_title":"Hilfe - OWM Summit","og_description":"Hilfe Sind\u00a0Sie\u00a0bereits angemeldet? Wenn ja, erhalten Sie am 23. November 2021 per E-Mail Ihre pers\u00f6nlichen Zugangsdaten zum Einloggen auf dieser Seite und k\u00f6nnen am 24. November 2021 um 09:00 Uhr [&hellip;]","og_url":"https:\/\/owm-summit.de\/en\/hilfe\/","og_site_name":"OWM Summit","article_modified_time":"2021-11-23T23:33:04+00:00","twitter_card":"summary_large_image","twitter_misc":{"Est. reading time":"1 minute"},"schema":{"@context":"https:\/\/schema.org","@graph":[{"@type":"WebPage","@id":"https:\/\/owm-summit.de\/hilfe\/","url":"https:\/\/owm-summit.de\/hilfe\/","name":"Hilfe - OWM Summit","isPartOf":{"@id":"https:\/\/owm-summit.de\/#website"},"datePublished":"2019-11-22T11:47:50+00:00","dateModified":"2021-11-23T23:33:04+00:00","breadcrumb":{"@id":"https:\/\/owm-summit.de\/hilfe\/#breadcrumb"},"inLanguage":"en-US","potentialAction":[{"@type":"ReadAction","target":["https:\/\/owm-summit.de\/hilfe\/"]}]},{"@type":"BreadcrumbList","@id":"https:\/\/owm-summit.de\/hilfe\/#breadcrumb","itemListElement":[{"@type":"ListItem","position":1,"name":"Home","item":"https:\/\/owm-summit.de\/"},{"@type":"ListItem","position":2,"name":"Hilfe"}]},{"@type":"WebSite","@id":"https:\/\/owm-summit.de\/#website","url":"https:\/\/owm-summit.de\/","name":"OWM Summit","description":"OWM Summit 2025","publisher":{"@id":"https:\/\/owm-summit.de\/#organization"},"potentialAction":[{"@type":"SearchAction","target":{"@type":"EntryPoint","urlTemplate":"https:\/\/owm-summit.de\/?s={search_term_string}"},"query-input":{"@type":"PropertyValueSpecification","valueRequired":true,"valueName":"search_term_string"}}],"inLanguage":"en-US"},{"@type":"Organization","@id":"https:\/\/owm-summit.de\/#organization","name":"OWM Summit","url":"https:\/\/owm-summit.de\/","logo":{"@type":"ImageObject","inLanguage":"en-US","@id":"https:\/\/owm-summit.de\/#\/schema\/logo\/image\/","url":"https:\/\/owm-summit.de\/wp-content\/uploads\/sites\/36\/2020\/02\/owm-logo-black.svg","contentUrl":"https:\/\/owm-summit.de\/wp-content\/uploads\/sites\/36\/2020\/02\/owm-logo-black.svg","width":250,"height":100,"caption":"OWM Summit"},"image":{"@id":"https:\/\/owm-summit.de\/#\/schema\/logo\/image\/"}}]}},"_links":{"self":[{"href":"https:\/\/owm-summit.de\/en\/wp-json\/wp\/v2\/pages\/17930","targetHints":{"allow":["GET"]}}],"collection":[{"href":"https:\/\/owm-summit.de\/en\/wp-json\/wp\/v2\/pages"}],"about":[{"href":"https:\/\/owm-summit.de\/en\/wp-json\/wp\/v2\/types\/page"}],"author":[{"embeddable":true,"href":"https:\/\/owm-summit.de\/en\/wp-json\/wp\/v2\/users\/17"}],"replies":[{"embeddable":true,"href":"https:\/\/owm-summit.de\/en\/wp-json\/wp\/v2\/comments?post=17930"}],"version-history":[{"count":155,"href":"https:\/\/owm-summit.de\/en\/wp-json\/wp\/v2\/pages\/17930\/revisions"}],"predecessor-version":[{"id":29975,"href":"https:\/\/owm-summit.de\/en\/wp-json\/wp\/v2\/pages\/17930\/revisions\/29975"}],"wp:attachment":[{"href":"https:\/\/owm-summit.de\/en\/wp-json\/wp\/v2\/media?parent=17930"}],"wp:term":[{"taxonomy":"category","embeddable":true,"href":"https:\/\/owm-summit.de\/en\/wp-json\/wp\/v2\/categories?post=17930"},{"taxonomy":"post_tag","embeddable":true,"href":"https:\/\/owm-summit.de\/en\/wp-json\/wp\/v2\/tags?post=17930"}],"curies":[{"name":"wp","href":"https:\/\/api.w.org\/{rel}","templated":true}]}}